{"id":1351,"date":"2024-10-31T13:40:56","date_gmt":"2024-10-31T13:40:56","guid":{"rendered":"https:\/\/airportlounges.net\/flights-es\/"},"modified":"2024-11-05T15:10:40","modified_gmt":"2024-11-05T15:10:40","slug":"vuelos","status":"publish","type":"page","link":"https:\/\/airportlounges.net\/es\/vuelos\/","title":{"rendered":"Vuelos"},"content":{"rendered":"<div id=\"cs-content\" class=\"cs-content\"><\/div>\n","protected":false},"excerpt":{"rendered":"<p>Reserva tu vuelo Disfruta de una experiencia premium de principio a fin del viaje<\/p>\n","protected":false},"author":2,"featured_media":0,"parent":0,"menu_order":0,"comment_status":"closed","ping_status":"closed","template":"template-blank-4.php","meta":{"footnotes":""},"class_list":["post-1351","page","type-page","status-publish","hentry","no-post-thumbnail"],"yoast_head":"<!-- This site is optimized with the Yoast SEO plugin v26.3 - https:\/\/yoast.com\/wordpress\/plugins\/seo\/ -->\n<title>Reservas de Vuelos - Mejor Tarifa Garantizada - AirportLounges<\/title>\n<meta name=\"description\" content=\"Compara las tarifas de m\u00e1s de 250 aerol\u00edneas y reserva el mejor vuelo disponible sin renunciar al confort. Confirmaci\u00f3n inmediata.\" \/>\n<meta name=\"robots\" content=\"index, follow, max-snippet:-1, max-image-preview:large, max-video-preview:-1\" \/>\n<link rel=\"canonical\" href=\"https:\/\/airportlounges.net\/es\/vuelos\/\" \/>\n<meta property=\"og:locale\" content=\"es_ES\" \/>\n<meta property=\"og:type\" content=\"article\" \/>\n<meta property=\"og:title\" content=\"Reservas de Vuelos - Mejor Tarifa Garantizada - AirportLounges\" \/>\n<meta property=\"og:description\" content=\"Compara las tarifas de m\u00e1s de 250 aerol\u00edneas y reserva el mejor vuelo disponible sin renunciar al confort. Confirmaci\u00f3n inmediata.\" \/>\n<meta property=\"og:url\" content=\"https:\/\/airportlounges.net\/es\/vuelos\/\" \/>\n<meta property=\"og:site_name\" content=\"Airport Lounges\" \/>\n<meta property=\"article:publisher\" content=\"https:\/\/www.facebook.com\/airportlounges.net\" \/>\n<meta property=\"article:modified_time\" content=\"2024-11-05T15:10:40+00:00\" \/>\n<meta name=\"twitter:card\" content=\"summary_large_image\" \/>\n<meta name=\"twitter:label1\" content=\"Tiempo de lectura\" \/>\n\t<meta name=\"twitter:data1\" content=\"1 minuto\" \/>\n<script type=\"application\/ld+json\" class=\"yoast-schema-graph\">{\"@context\":\"https:\/\/schema.org\",\"@graph\":[{\"@type\":\"WebPage\",\"@id\":\"https:\/\/airportlounges.net\/es\/vuelos\/\",\"url\":\"https:\/\/airportlounges.net\/es\/vuelos\/\",\"name\":\"Reservas de Vuelos - Mejor Tarifa Garantizada - AirportLounges\",\"isPartOf\":{\"@id\":\"https:\/\/airportlounges.net\/es\/#website\"},\"datePublished\":\"2024-10-31T13:40:56+00:00\",\"dateModified\":\"2024-11-05T15:10:40+00:00\",\"description\":\"Compara las tarifas de m\u00e1s de 250 aerol\u00edneas y reserva el mejor vuelo disponible sin renunciar al confort. Confirmaci\u00f3n inmediata.\",\"inLanguage\":\"es\",\"potentialAction\":[{\"@type\":\"ReadAction\",\"target\":[\"https:\/\/airportlounges.net\/es\/vuelos\/\"]}]},{\"@type\":\"WebSite\",\"@id\":\"https:\/\/airportlounges.net\/es\/#website\",\"url\":\"https:\/\/airportlounges.net\/es\/\",\"name\":\"Airport Lounges\",\"description\":\"Book Now and Save\",\"publisher\":{\"@id\":\"https:\/\/airportlounges.net\/es\/#organization\"},\"potentialAction\":[{\"@type\":\"SearchAction\",\"target\":{\"@type\":\"EntryPoint\",\"urlTemplate\":\"https:\/\/airportlounges.net\/es\/?s={search_term_string}\"},\"query-input\":{\"@type\":\"PropertyValueSpecification\",\"valueRequired\":true,\"valueName\":\"search_term_string\"}}],\"inLanguage\":\"es\"},{\"@type\":\"Organization\",\"@id\":\"https:\/\/airportlounges.net\/es\/#organization\",\"name\":\"Airport Lounges\",\"url\":\"https:\/\/airportlounges.net\/es\/\",\"logo\":{\"@type\":\"ImageObject\",\"inLanguage\":\"es\",\"@id\":\"https:\/\/airportlounges.net\/es\/#\/schema\/logo\/image\/\",\"url\":\"https:\/\/airportlounges.net\/wp-content\/uploads\/2023\/08\/logo.png\",\"contentUrl\":\"https:\/\/airportlounges.net\/wp-content\/uploads\/2023\/08\/logo.png\",\"width\":850,\"height\":850,\"caption\":\"Airport Lounges\"},\"image\":{\"@id\":\"https:\/\/airportlounges.net\/es\/#\/schema\/logo\/image\/\"},\"sameAs\":[\"https:\/\/www.facebook.com\/airportlounges.net\"]}]}<\/script>\n<!-- \/ Yoast SEO plugin. -->","yoast_head_json":{"title":"Reservas de Vuelos - Mejor Tarifa Garantizada - AirportLounges","description":"Compara las tarifas de m\u00e1s de 250 aerol\u00edneas y reserva el mejor vuelo disponible sin renunciar al confort. Confirmaci\u00f3n inmediata.","robots":{"index":"index","follow":"follow","max-snippet":"max-snippet:-1","max-image-preview":"max-image-preview:large","max-video-preview":"max-video-preview:-1"},"canonical":"https:\/\/airportlounges.net\/es\/vuelos\/","og_locale":"es_ES","og_type":"article","og_title":"Reservas de Vuelos - Mejor Tarifa Garantizada - AirportLounges","og_description":"Compara las tarifas de m\u00e1s de 250 aerol\u00edneas y reserva el mejor vuelo disponible sin renunciar al confort. Confirmaci\u00f3n inmediata.","og_url":"https:\/\/airportlounges.net\/es\/vuelos\/","og_site_name":"Airport Lounges","article_publisher":"https:\/\/www.facebook.com\/airportlounges.net","article_modified_time":"2024-11-05T15:10:40+00:00","twitter_card":"summary_large_image","twitter_misc":{"Tiempo de lectura":"1 minuto"},"schema":{"@context":"https:\/\/schema.org","@graph":[{"@type":"WebPage","@id":"https:\/\/airportlounges.net\/es\/vuelos\/","url":"https:\/\/airportlounges.net\/es\/vuelos\/","name":"Reservas de Vuelos - Mejor Tarifa Garantizada - AirportLounges","isPartOf":{"@id":"https:\/\/airportlounges.net\/es\/#website"},"datePublished":"2024-10-31T13:40:56+00:00","dateModified":"2024-11-05T15:10:40+00:00","description":"Compara las tarifas de m\u00e1s de 250 aerol\u00edneas y reserva el mejor vuelo disponible sin renunciar al confort. Confirmaci\u00f3n inmediata.","inLanguage":"es","potentialAction":[{"@type":"ReadAction","target":["https:\/\/airportlounges.net\/es\/vuelos\/"]}]},{"@type":"WebSite","@id":"https:\/\/airportlounges.net\/es\/#website","url":"https:\/\/airportlounges.net\/es\/","name":"Airport Lounges","description":"Book Now and Save","publisher":{"@id":"https:\/\/airportlounges.net\/es\/#organization"},"potentialAction":[{"@type":"SearchAction","target":{"@type":"EntryPoint","urlTemplate":"https:\/\/airportlounges.net\/es\/?s={search_term_string}"},"query-input":{"@type":"PropertyValueSpecification","valueRequired":true,"valueName":"search_term_string"}}],"inLanguage":"es"},{"@type":"Organization","@id":"https:\/\/airportlounges.net\/es\/#organization","name":"Airport Lounges","url":"https:\/\/airportlounges.net\/es\/","logo":{"@type":"ImageObject","inLanguage":"es","@id":"https:\/\/airportlounges.net\/es\/#\/schema\/logo\/image\/","url":"https:\/\/airportlounges.net\/wp-content\/uploads\/2023\/08\/logo.png","contentUrl":"https:\/\/airportlounges.net\/wp-content\/uploads\/2023\/08\/logo.png","width":850,"height":850,"caption":"Airport Lounges"},"image":{"@id":"https:\/\/airportlounges.net\/es\/#\/schema\/logo\/image\/"},"sameAs":["https:\/\/www.facebook.com\/airportlounges.net"]}]}},"_links":{"self":[{"href":"https:\/\/airportlounges.net\/es\/wp-json\/wp\/v2\/pages\/1351","targetHints":{"allow":["GET"]}}],"collection":[{"href":"https:\/\/airportlounges.net\/es\/wp-json\/wp\/v2\/pages"}],"about":[{"href":"https:\/\/airportlounges.net\/es\/wp-json\/wp\/v2\/types\/page"}],"author":[{"embeddable":true,"href":"https:\/\/airportlounges.net\/es\/wp-json\/wp\/v2\/users\/2"}],"replies":[{"embeddable":true,"href":"https:\/\/airportlounges.net\/es\/wp-json\/wp\/v2\/comments?post=1351"}],"version-history":[{"count":6,"href":"https:\/\/airportlounges.net\/es\/wp-json\/wp\/v2\/pages\/1351\/revisions"}],"predecessor-version":[{"id":1396,"href":"https:\/\/airportlounges.net\/es\/wp-json\/wp\/v2\/pages\/1351\/revisions\/1396"}],"wp:attachment":[{"href":"https:\/\/airportlounges.net\/es\/wp-json\/wp\/v2\/media?parent=1351"}],"curies":[{"name":"wp","href":"https:\/\/api.w.org\/{rel}","templated":true}]}}