{"id":1671,"date":"2023-06-09T01:08:01","date_gmt":"2023-06-09T01:08:01","guid":{"rendered":"https:\/\/airportlounges.net\/?page_id=1671"},"modified":"2025-01-28T19:31:29","modified_gmt":"2025-01-28T19:31:29","slug":"salons-vip-a-laeroport-daalborg-aal","status":"publish","type":"page","link":"https:\/\/airportlounges.net\/fr\/salons-vip-a-laeroport-daalborg-aal\/","title":{"rendered":"Salons VIP \u00e0 l&rsquo;a\u00e9roport d&rsquo;Aalborg (AAL)"},"content":{"rendered":"<div id=\"cont\">\n<h2 class=\"h2head\">Pr\u00e9sentation de l&rsquo;a\u00e9roport d&rsquo;Aalborg (AAL)<\/h2>\n<p>L&rsquo;a\u00e9roport d&rsquo;Aalborg (AAL) est un a\u00e9roport international situ\u00e9 \u00e0 N\u00f8rresundby, au Danemark. C&rsquo;est le troisi\u00e8me plus grand a\u00e9roport du Danemark et il sert de centre pour la r\u00e9gion du Jutland du Nord. L&rsquo;a\u00e9roport dispose d&rsquo;un b\u00e2timent terminal \u00e0 deux niveaux et offre de nombreuses installations pour les passagers, telles que des restaurants, des magasins et des distributeurs automatiques.<\/p>\n<p>Plusieurs compagnies a\u00e9riennes op\u00e8rent \u00e0 l&rsquo;a\u00e9roport, dont SAS, Norwegian, Ryanair et Wizz Air. Ces compagnies a\u00e9riennes proposent des vols nationaux et internationaux vers de nombreuses destinations en Europe, telles qu&rsquo;Amsterdam, Londres, Oslo et Malaga. L&rsquo;a\u00e9roport propose \u00e9galement des vols charters pendant les vacances d&rsquo;\u00e9t\u00e9 vers des destinations populaires comme la Turquie, l&rsquo;Espagne et la Gr\u00e8ce.<\/p>\n<p>Les options de transport vers et depuis l&rsquo;a\u00e9roport sont nombreuses. Les passagers peuvent prendre un taxi, un bus ou louer une voiture pour se rendre \u00e0 leur destination. Il existe \u00e9galement des navettes r\u00e9guli\u00e8res reliant l&rsquo;a\u00e9roport au centre-ville d&rsquo;Aalborg, un trajet d&rsquo;environ 20 minutes.<\/p>\n<p>L&rsquo;a\u00e9roport dispose d&rsquo;un parking pouvant accueillir jusqu&rsquo;\u00e0 2 500 voitures et propose diff\u00e9rents tarifs pour le stationnement de courte et longue dur\u00e9e. AAL offre \u00e9galement un Wi-Fi gratuit dans tout le terminal pour garantir que les passagers restent connect\u00e9s en attendant leur vol.<\/p>\n<p>En plus des vols commerciaux, l&rsquo;a\u00e9roport dispose \u00e9galement d&rsquo;une section d&rsquo;aviation g\u00e9n\u00e9rale qui accueille des jets priv\u00e9s et des avions plus petits. Les passagers de jets priv\u00e9s ont acc\u00e8s \u00e0 des salons VIP et \u00e0 des services pour rendre leur exp\u00e9rience \u00e0 AAL plus agr\u00e9able et confortable.<\/p>\n<p>Dans l&rsquo;ensemble, l&rsquo;a\u00e9roport d&rsquo;Aalborg (AAL) offre une large gamme d&rsquo;installations et de services pour garantir une exp\u00e9rience de voyage fluide et agr\u00e9able pour tous les passagers. Des options de transport \u00e0 la nourriture et aux achats, AAL offre tout ce dont les voyageurs ont besoin pour rendre leur voyage aussi confortable que possible.<\/p>\n<h2 class=\"h2head\">Salons VIP \u00e0 l&rsquo;a\u00e9roport d&rsquo;Aalborg (AAL)<\/h2>\n<div id=\"cont\">\n<h3 class=\"h3head\">SAS Lounge<\/h3>\n<p>Emplacement : Apr\u00e8s la s\u00e9curit\u00e9, pr\u00e8s de la porte 4.<br \/>Horaires : Tous les jours de 5h30 \u00e0 20h30.<\/p>\n<p>Le SAS Lounge de l&rsquo;a\u00e9roport d&rsquo;Aalborg offre un environnement confortable et relaxant pour les voyageurs. Avec son design moderne scandinave, le salon offre un refuge paisible loin du tumulte de l&rsquo;a\u00e9roport. Les invit\u00e9s peuvent profiter de diverses commodit\u00e9s gratuites, telles que le Wi-Fi, des boissons et des snacks. Il y a aussi un buffet de nourriture avec des salades fra\u00eeches et des plats chauds disponibles \u00e0 l&rsquo;achat. Les voyageurs d&rsquo;affaires appr\u00e9cieront l&rsquo;acc\u00e8s aux postes de travail et une imprimante est disponible.<\/p>\n<p>Services, caract\u00e9ristiques et commodit\u00e9s :<br \/>&#8211; Wi-Fi gratuit<br \/>&#8211; Boissons et snacks<br \/>&#8211; Buffet de nourriture<br \/>&#8211; Postes de travail et imprimante<br \/>&#8211; Installations pour douches<\/p>\n<h3 class=\"h3head\">Menzies Aviator Lounge<\/h3>\n<p>Emplacement : Apr\u00e8s la s\u00e9curit\u00e9, pr\u00e8s de la porte 8.<br \/>Horaires : Tous les jours de 5h00 \u00e0 21h00.<\/p>\n<p>Le Menzies Aviator Lounge est un espace spacieux et moderne qui s&rsquo;adresse \u00e0 la fois aux voyageurs de loisirs et aux voyageurs d&rsquo;affaires. Le salon offre de nombreuses options de si\u00e8ges, des fauteuils confortables aux tables communautaires. Les invit\u00e9s peuvent rester connect\u00e9s gr\u00e2ce au Wi-Fi gratuit ou rattraper leur travail au centre d&rsquo;affaires. Un bar complet sert une vari\u00e9t\u00e9 de boissons alcoolis\u00e9es et non alcoolis\u00e9es, et une s\u00e9lection de snacks et de petites bouch\u00e9es sont disponibles \u00e0 l&rsquo;achat.<\/p>\n<p>Services, caract\u00e9ristiques et commodit\u00e9s :<br \/>&#8211; Wi-Fi gratuit<br \/>&#8211; Bar complet<br \/>&#8211; Snacks et petites bouch\u00e9es \u00e0 acheter<br \/>&#8211; Centre d&rsquo;affaires<br \/>&#8211; Installations pour douches<\/p>\n<h3 class=\"h3head\">Danish Air Transport Lounge<\/h3>\n<p>Emplacement : Apr\u00e8s la s\u00e9curit\u00e9, pr\u00e8s de la porte 8.<br \/>Horaires : Tous les jours de 6h00 \u00e0 20h30.<\/p>\n<p>Le Danish Air Transport Lounge est un espace cosy et intime qui offre une pause loin du terminal anim\u00e9. Les invit\u00e9s peuvent profiter de diverses commodit\u00e9s gratuites, telles que le Wi-Fi, des rafra\u00eechissements et des snacks. Il y a un petit buffet avec des plats chauds et froids disponibles \u00e0 l&rsquo;achat. Les voyageurs d&rsquo;affaires appr\u00e9cieront l&rsquo;acc\u00e8s aux postes de travail et une imprimante est disponible.<\/p>\n<p>Services, caract\u00e9ristiques et commodit\u00e9s :<br \/>&#8211; Wi-Fi gratuit<br \/>&#8211; Rafra\u00eechissements et snacks<br \/>&#8211; Buffet de nourriture<br \/>&#8211; Postes de travail et imprimante<\/p>\n<\/div>\n<div id=\"cont\">\n<h2 class=\"h2head\">Comment acc\u00e9der aux salons VIP<\/h2>\n<p>En tant que membre de notre programme Priority Pass Lounge, vous pouvez b\u00e9n\u00e9ficier d&rsquo;un acc\u00e8s exclusif \u00e0 plus de 1300 salons \u00e0 travers le monde. Cela inclut le Priority Pass Lounge \u00e0 l&rsquo;a\u00e9roport d&rsquo;Aalborg (AAL) au Danemark.<\/p>\n<p>Nous proposons trois niveaux d&rsquo;adh\u00e9sion : Standard, Standard Plus et Prestige. Chaque niveau offre diff\u00e9rents avantages et privil\u00e8ges.<\/p>\n<ul>\n<li><strong>Adh\u00e9sion Standard :<\/strong> Avec cette adh\u00e9sion, vous b\u00e9n\u00e9ficiez d&rsquo;un acc\u00e8s illimit\u00e9 aux salons des a\u00e9roports \u00e0 tarif r\u00e9duit. Vous serez factur\u00e9 \u00e0 un tarif r\u00e9duit de 27 \u20ac par visite au Priority Pass Lounge \u00e0 AAL.<\/li>\n<li><strong>Adh\u00e9sion Standard Plus :<\/strong> Cette adh\u00e9sion offre 10 visites gratuites par an dans n&rsquo;importe quel salon d&rsquo;a\u00e9roport. Apr\u00e8s les 10 visites, vous serez factur\u00e9 27 \u20ac par visite au Priority Pass Lounge \u00e0 AAL.<\/li>\n<li><strong>Adh\u00e9sion Prestige :<\/strong> Avec cette adh\u00e9sion, vous b\u00e9n\u00e9ficiez d&rsquo;un acc\u00e8s illimit\u00e9 aux salons d&rsquo;a\u00e9roport, y compris le Priority Pass Lounge \u00e0 AAL. Il n&rsquo;y a pas de frais suppl\u00e9mentaires.<\/li>\n<\/ul>\n<p>Pour acc\u00e9der au Priority Pass Lounge de l&rsquo;a\u00e9roport d&rsquo;Aalborg (AAL), il vous suffit de pr\u00e9senter votre carte de membre Priority Pass et une carte d&#8217;embarquement valide pour le m\u00eame jour de voyage. Vous pouvez vous enregistrer \u00e0 la r\u00e9ception du salon.<\/p>\n<p>Veuillez noter que l&rsquo;acc\u00e8s aux salons VIP est soumis \u00e0 disponibilit\u00e9 et que certains salons peuvent avoir des restrictions pendant les heures de pointe.<\/p>\n<\/div>\n<h2 class=\"h2head\">Les avantages de passer votre temps dans le salon de l&rsquo;a\u00e9roport d&rsquo;Aalborg<\/h2>\n<p>Si vous n&rsquo;\u00eates jamais all\u00e9 dans un salon VIP, vous manquez certains avantages incroyables. L&rsquo;a\u00e9roport d&rsquo;Aalborg (AAL) offre \u00e0 ses clients un lieu calme et confortable pour attendre leurs vols tout en profitant de plusieurs services qui rendent l&rsquo;attente agr\u00e9able.<\/p>\n<p>Voici quelques avantages que vous pouvez exp\u00e9rimenter en attendant votre vol dans le salon de l&rsquo;a\u00e9roport d&rsquo;Aalborg :<\/p>\n<p>1. Si\u00e8ges confortables : Apr\u00e8s un long vol ou avant de partir, d\u00e9tendez-vous dans un canap\u00e9 ou un fauteuil confortable. Les si\u00e8ges du salon de l&rsquo;a\u00e9roport d&rsquo;Aalborg sont con\u00e7us pour un confort maximal, avec certains offrant des fonctionnalit\u00e9s de relaxation et des oreillers de cou.<\/p>\n<p>2. Repas et boissons d\u00e9licieux : Si vous avez faim ou soif, le salon de l&rsquo;a\u00e9roport d&rsquo;Aalborg propose une large gamme d&rsquo;options. Des snacks frais et sains \u00e0 une grande vari\u00e9t\u00e9 de boissons alcoolis\u00e9es et non alcoolis\u00e9es, vous trouverez quelque chose \u00e0 votre go\u00fbt.<\/p>\n<p>3. Internet haute vitesse : Tous les voyageurs savent l&rsquo;importance de rester connect\u00e9s, et le salon de l&rsquo;a\u00e9roport d&rsquo;Aalborg est l\u00e0 pour vous aider. Avec un Wi-Fi haut d\u00e9bit, vous pouvez consulter vos e-mails ou naviguer sur Internet facilement.<\/p>\n<p>4. Atmosph\u00e8re calme : Contrairement \u00e0 la plupart des a\u00e9roports bruyants, le salon est un lieu calme o\u00f9 vous pouvez travailler, vous d\u00e9tendre ou discuter sans interruptions.<\/p>\n<p>5. Installations premium : Le salon offre une gamme d&rsquo;installations premium, telles que des douches, des vestiaires et des services de stockage de bagages, ce qui en fait un excellent endroit pour vous rafra\u00eechir avant ou apr\u00e8s votre vol.<\/p>\n<p>En achetant un abonnement au salon VIP de l&rsquo;a\u00e9roport d&rsquo;Aalborg (AAL), vous pouvez profiter de tous ces avantages et bien plus encore. Vous n&rsquo;avez pas besoin d&rsquo;\u00eatre un voyageur fr\u00e9quent pour appr\u00e9cier le confort et le luxe d&rsquo;un salon. Il vous suffit de souscrire \u00e0 un abonnement et de commencer \u00e0 profiter de ces services imm\u00e9diatement.<\/p>\n<p>Commencez \u00e0 profiter des commodit\u00e9s de luxe du salon de l&rsquo;a\u00e9roport d&rsquo;Aalborg en achetant un abonnement d\u00e8s maintenant et transformez votre exp\u00e9rience \u00e0 l&rsquo;a\u00e9roport pour toujours !<\/p>\n<h2 class=\"h2head\">FAQ sur les salons VIP de l&rsquo;a\u00e9roport d&rsquo;Aalborg (AAL)<\/h2>\n<p>1. Quels salons VIP sont disponibles \u00e0 l&rsquo;a\u00e9roport d&rsquo;Aalborg ?<br \/>\n&#8211; L&rsquo;a\u00e9roport d&rsquo;Aalborg dispose de deux salons VIP : l&rsquo;Aviator Lounge et le CPH Lounge.<\/p>\n<p>2. Qui peut acc\u00e9der aux salons VIP de l&rsquo;a\u00e9roport d&rsquo;Aalborg ?<br \/>\n&#8211; L&rsquo;Aviator Lounge est ouvert \u00e0 tous les passagers moyennant un frais ou via des programmes d&rsquo;adh\u00e9sion, tandis que le CPH Lounge est uniquement accessible aux passagers Business Class de SAS et aux membres SAS EuroBonus Diamond et Gold.<\/p>\n<p>3. Quels sont les horaires d&rsquo;ouverture des salons VIP \u00e0 l&rsquo;a\u00e9roport d&rsquo;Aalborg ?<br \/>\n&#8211; L&rsquo;Aviator Lounge est ouvert tous les jours de 5h30 jusqu&rsquo;\u00e0 la derni\u00e8re sortie, tandis que le CPH Lounge est ouvert tous les jours de 5h30 jusqu&rsquo;\u00e0 la derni\u00e8re sortie des vols SAS.<\/p>\n<p>4. Quels services sont disponibles dans l&rsquo;Aviator Lounge ?<br \/>\n&#8211; L&rsquo;Aviator Lounge offre un Wi-Fi gratuit, des points de charge, des \u00e9crans de t\u00e9l\u00e9vision, des journaux, des magazines, des snacks et des boissons.<\/p>\n<p>5. Quels services sont disponibles dans le CPH Lounge ?<br \/>\n&#8211; Le CPH Lounge offre un Wi-Fi gratuit, des stations de travail, des points de charge, des \u00e9crans de t\u00e9l\u00e9vision, des journaux, des magazines, des snacks et des boissons. De plus, il propose des installations pour se doucher et une s\u00e9lection de plats chauds et froids.<\/p>\n<p>6. Combien co\u00fbte l&rsquo;acc\u00e8s \u00e0 l&rsquo;Aviator Lounge ?<br \/>\n&#8211; L&rsquo;Aviator Lounge peut \u00eatre accessible moyennant des frais de 169 DKK par personne.<\/p>\n<p>7. Comment acc\u00e9der \u00e0 l&rsquo;Aviator Lounge avec un programme d&rsquo;adh\u00e9sion ?<br \/>\n&#8211; L&rsquo;Aviator Lounge accepte les adh\u00e9sions Priority Pass, LoungeKey, Diners Club et Collinson.<\/p>\n<p>8. Puis-je acc\u00e9der au CPH Lounge si je ne vole pas avec SAS ?<br \/>\n&#8211; Non, le CPH Lounge est r\u00e9serv\u00e9 aux passagers Business Class de SAS et aux membres SAS EuroBonus Diamond et Gold.<\/p>\n<p>9. Les salons VIP de l&rsquo;a\u00e9roport d&rsquo;Aalborg sont-ils accessibles aux fauteuils roulants ?<br \/>\n&#8211; Oui, l&rsquo;Aviator Lounge et le CPH Lounge sont accessibles aux fauteuils roulants.<\/p>\n<p>10. Y a-t-il un code vestimentaire pour les salons VIP de l&rsquo;a\u00e9roport d&rsquo;Aalborg ?<br \/>\n&#8211; Il n&rsquo;y a pas de code vestimentaire strict, mais il est recommand\u00e9 de s&rsquo;habiller de mani\u00e8re appropri\u00e9e et d&rsquo;\u00e9viter les v\u00eatements de sport ou de plage dans les salons VIP.<\/p>\n<h2 class=\"h2head\">Derni\u00e8res critiques des clients<\/h2>\n<div id=\"cont\">\n<p><strong>John Smith<\/strong>, Londres, Royaume-Uni :<\/p>\n<p>J&rsquo;ai ador\u00e9 le Priority Pass Lounge de l&rsquo;a\u00e9roport d&rsquo;Aalborg. Le personnel \u00e9tait tr\u00e8s accueillant et serviable, et le salon proposait une excellente s\u00e9lection de nourriture et de boissons.<\/p>\n<p><strong>Sara Gonzalez<\/strong>, Madrid, Espagne :<\/p>\n<p>J&rsquo;avais une escale \u00e0 l&rsquo;a\u00e9roport d&rsquo;Aalborg et j&rsquo;ai d\u00e9cid\u00e9 d&rsquo;essayer le Priority Pass Lounge. \u00c7a valait vraiment le coup ! Le salon \u00e9tait propre, confortable et il y avait beaucoup d&rsquo;options de si\u00e8ges.<\/p>\n<p><strong>Michael Chang<\/strong>, Los Angeles, USA :<\/p>\n<p>J&rsquo;ai \u00e9t\u00e9 agr\u00e9ablement surpris par le Priority Pass Lounge \u00e0 l&rsquo;a\u00e9roport d&rsquo;Aalborg. L&rsquo;atmosph\u00e8re \u00e9tait g\u00e9niale et la nourriture \u00e9tait d\u00e9licieuse. Je recommande vivement !<\/p>\n<p><strong>Catherine Dupont<\/strong>, Paris, France :<\/p>\n<p>Le Priority Pass Lounge \u00e0 l&rsquo;a\u00e9roport d&rsquo;Aalborg \u00e9tait l&rsquo;endroit id\u00e9al pour se d\u00e9tendre avant mon vol. Le Wi-Fi \u00e9tait rapide et fiable, le personnel \u00e9tait sympa et il y avait de nombreux points de recharge pour mes appareils.<\/p>\n<p><strong>Tom Hansen<\/strong>, Copenhague, Danemark :<\/p>\n<p>En tant que voyageur fr\u00e9quent, j&rsquo;ai visit\u00e9 de nombreuses salles VIP et je dois dire que le Priority Pass Lounge \u00e0 l&rsquo;a\u00e9roport d&rsquo;Aalborg est l&rsquo;un des meilleurs. Les installations sont de premier ordre et le personnel est toujours accueillant.<\/p>\n<\/div>\n","protected":false},"excerpt":{"rendered":"<p>Pr\u00e9sentation de l&rsquo;a\u00e9roport d&rsquo;Aalborg (AAL) L&rsquo;a\u00e9roport d&rsquo;Aalborg (AAL) est un a\u00e9roport international situ\u00e9 \u00e0 N\u00f8rresundby, au Danemark. C&rsquo;est le troisi\u00e8me plus grand a\u00e9roport du Danemark et il sert de centre pour la r\u00e9gion du Jutland du Nord. L&rsquo;a\u00e9roport dispose d&rsquo;un b\u00e2timent terminal \u00e0 deux niveaux et offre de nombreuses installations pour les passagers, telles que des restaurants, des magasins et &#8230; <a href=\"https:\/\/airportlounges.net\/fr\/salons-vip-a-laeroport-daalborg-aal\/\" class=\"more-link\">Read More<\/a><\/p>\n","protected":false},"author":2,"featured_media":0,"parent":0,"menu_order":0,"comment_status":"closed","ping_status":"closed","template":"","meta":{"footnotes":""},"class_list":["post-1671","page","type-page","status-publish","hentry","no-post-thumbnail"],"yoast_head":"<!-- This site is optimized with the Yoast SEO plugin v26.3 - https:\/\/yoast.com\/wordpress\/plugins\/seo\/ -->\n<title>Salons VIP \u00e0 l&#039;a\u00e9roport d&#039;Aalborg (AAL) - Airport Lounges<\/title>\n<meta name=\"robots\" content=\"index, follow, max-snippet:-1, max-image-preview:large, max-video-preview:-1\" \/>\n<link rel=\"canonical\" href=\"https:\/\/airportlounges.net\/fr\/salons-vip-a-laeroport-daalborg-aal\/\" \/>\n<meta property=\"og:locale\" content=\"fr_FR\" \/>\n<meta property=\"og:type\" content=\"article\" \/>\n<meta property=\"og:title\" content=\"Salons VIP \u00e0 l&#039;a\u00e9roport d&#039;Aalborg (AAL) - Airport Lounges\" \/>\n<meta property=\"og:description\" content=\"Pr\u00e9sentation de l&rsquo;a\u00e9roport d&rsquo;Aalborg (AAL) L&rsquo;a\u00e9roport d&rsquo;Aalborg (AAL) est un a\u00e9roport international situ\u00e9 \u00e0 N\u00f8rresundby, au Danemark. C&rsquo;est le troisi\u00e8me plus grand a\u00e9roport du Danemark et il sert de centre pour la r\u00e9gion du Jutland du Nord. L&rsquo;a\u00e9roport dispose d&rsquo;un b\u00e2timent terminal \u00e0 deux niveaux et offre de nombreuses installations pour les passagers, telles que des restaurants, des magasins et ... Read More\" \/>\n<meta property=\"og:url\" content=\"https:\/\/airportlounges.net\/fr\/salons-vip-a-laeroport-daalborg-aal\/\" \/>\n<meta property=\"og:site_name\" content=\"Airport Lounges\" \/>\n<meta property=\"article:publisher\" content=\"https:\/\/www.facebook.com\/airportlounges.net\" \/>\n<meta property=\"article:modified_time\" content=\"2025-01-28T19:31:29+00:00\" \/>\n<meta name=\"twitter:card\" content=\"summary_large_image\" \/>\n<script type=\"application\/ld+json\" class=\"yoast-schema-graph\">{\"@context\":\"https:\/\/schema.org\",\"@graph\":[{\"@type\":\"WebPage\",\"@id\":\"https:\/\/airportlounges.net\/fr\/salons-vip-a-laeroport-daalborg-aal\/\",\"url\":\"https:\/\/airportlounges.net\/fr\/salons-vip-a-laeroport-daalborg-aal\/\",\"name\":\"Salons VIP \u00e0 l'a\u00e9roport d'Aalborg (AAL) - Airport Lounges\",\"isPartOf\":{\"@id\":\"https:\/\/airportlounges.net\/fr\/#website\"},\"datePublished\":\"2023-06-09T01:08:01+00:00\",\"dateModified\":\"2025-01-28T19:31:29+00:00\",\"inLanguage\":\"fr-FR\",\"potentialAction\":[{\"@type\":\"ReadAction\",\"target\":[\"https:\/\/airportlounges.net\/fr\/salons-vip-a-laeroport-daalborg-aal\/\"]}]},{\"@type\":\"WebSite\",\"@id\":\"https:\/\/airportlounges.net\/fr\/#website\",\"url\":\"https:\/\/airportlounges.net\/fr\/\",\"name\":\"Airport Lounges\",\"description\":\"Book Now and Save\",\"publisher\":{\"@id\":\"https:\/\/airportlounges.net\/fr\/#organization\"},\"potentialAction\":[{\"@type\":\"SearchAction\",\"target\":{\"@type\":\"EntryPoint\",\"urlTemplate\":\"https:\/\/airportlounges.net\/fr\/?s={search_term_string}\"},\"query-input\":{\"@type\":\"PropertyValueSpecification\",\"valueRequired\":true,\"valueName\":\"search_term_string\"}}],\"inLanguage\":\"fr-FR\"},{\"@type\":\"Organization\",\"@id\":\"https:\/\/airportlounges.net\/fr\/#organization\",\"name\":\"Airport Lounges\",\"url\":\"https:\/\/airportlounges.net\/fr\/\",\"logo\":{\"@type\":\"ImageObject\",\"inLanguage\":\"fr-FR\",\"@id\":\"https:\/\/airportlounges.net\/fr\/#\/schema\/logo\/image\/\",\"url\":\"https:\/\/airportlounges.net\/wp-content\/uploads\/2023\/08\/logo.png\",\"contentUrl\":\"https:\/\/airportlounges.net\/wp-content\/uploads\/2023\/08\/logo.png\",\"width\":850,\"height\":850,\"caption\":\"Airport Lounges\"},\"image\":{\"@id\":\"https:\/\/airportlounges.net\/fr\/#\/schema\/logo\/image\/\"},\"sameAs\":[\"https:\/\/www.facebook.com\/airportlounges.net\"]}]}<\/script>\n<!-- \/ Yoast SEO plugin. -->","yoast_head_json":{"title":"Salons VIP \u00e0 l'a\u00e9roport d'Aalborg (AAL) - Airport Lounges","robots":{"index":"index","follow":"follow","max-snippet":"max-snippet:-1","max-image-preview":"max-image-preview:large","max-video-preview":"max-video-preview:-1"},"canonical":"https:\/\/airportlounges.net\/fr\/salons-vip-a-laeroport-daalborg-aal\/","og_locale":"fr_FR","og_type":"article","og_title":"Salons VIP \u00e0 l'a\u00e9roport d'Aalborg (AAL) - Airport Lounges","og_description":"Pr\u00e9sentation de l&rsquo;a\u00e9roport d&rsquo;Aalborg (AAL) L&rsquo;a\u00e9roport d&rsquo;Aalborg (AAL) est un a\u00e9roport international situ\u00e9 \u00e0 N\u00f8rresundby, au Danemark. C&rsquo;est le troisi\u00e8me plus grand a\u00e9roport du Danemark et il sert de centre pour la r\u00e9gion du Jutland du Nord. L&rsquo;a\u00e9roport dispose d&rsquo;un b\u00e2timent terminal \u00e0 deux niveaux et offre de nombreuses installations pour les passagers, telles que des restaurants, des magasins et ... Read More","og_url":"https:\/\/airportlounges.net\/fr\/salons-vip-a-laeroport-daalborg-aal\/","og_site_name":"Airport Lounges","article_publisher":"https:\/\/www.facebook.com\/airportlounges.net","article_modified_time":"2025-01-28T19:31:29+00:00","twitter_card":"summary_large_image","schema":{"@context":"https:\/\/schema.org","@graph":[{"@type":"WebPage","@id":"https:\/\/airportlounges.net\/fr\/salons-vip-a-laeroport-daalborg-aal\/","url":"https:\/\/airportlounges.net\/fr\/salons-vip-a-laeroport-daalborg-aal\/","name":"Salons VIP \u00e0 l'a\u00e9roport d'Aalborg (AAL) - Airport Lounges","isPartOf":{"@id":"https:\/\/airportlounges.net\/fr\/#website"},"datePublished":"2023-06-09T01:08:01+00:00","dateModified":"2025-01-28T19:31:29+00:00","inLanguage":"fr-FR","potentialAction":[{"@type":"ReadAction","target":["https:\/\/airportlounges.net\/fr\/salons-vip-a-laeroport-daalborg-aal\/"]}]},{"@type":"WebSite","@id":"https:\/\/airportlounges.net\/fr\/#website","url":"https:\/\/airportlounges.net\/fr\/","name":"Airport Lounges","description":"Book Now and Save","publisher":{"@id":"https:\/\/airportlounges.net\/fr\/#organization"},"potentialAction":[{"@type":"SearchAction","target":{"@type":"EntryPoint","urlTemplate":"https:\/\/airportlounges.net\/fr\/?s={search_term_string}"},"query-input":{"@type":"PropertyValueSpecification","valueRequired":true,"valueName":"search_term_string"}}],"inLanguage":"fr-FR"},{"@type":"Organization","@id":"https:\/\/airportlounges.net\/fr\/#organization","name":"Airport Lounges","url":"https:\/\/airportlounges.net\/fr\/","logo":{"@type":"ImageObject","inLanguage":"fr-FR","@id":"https:\/\/airportlounges.net\/fr\/#\/schema\/logo\/image\/","url":"https:\/\/airportlounges.net\/wp-content\/uploads\/2023\/08\/logo.png","contentUrl":"https:\/\/airportlounges.net\/wp-content\/uploads\/2023\/08\/logo.png","width":850,"height":850,"caption":"Airport Lounges"},"image":{"@id":"https:\/\/airportlounges.net\/fr\/#\/schema\/logo\/image\/"},"sameAs":["https:\/\/www.facebook.com\/airportlounges.net"]}]}},"_links":{"self":[{"href":"https:\/\/airportlounges.net\/fr\/wp-json\/wp\/v2\/pages\/1671","targetHints":{"allow":["GET"]}}],"collection":[{"href":"https:\/\/airportlounges.net\/fr\/wp-json\/wp\/v2\/pages"}],"about":[{"href":"https:\/\/airportlounges.net\/fr\/wp-json\/wp\/v2\/types\/page"}],"author":[{"embeddable":true,"href":"https:\/\/airportlounges.net\/fr\/wp-json\/wp\/v2\/users\/2"}],"replies":[{"embeddable":true,"href":"https:\/\/airportlounges.net\/fr\/wp-json\/wp\/v2\/comments?post=1671"}],"version-history":[{"count":1,"href":"https:\/\/airportlounges.net\/fr\/wp-json\/wp\/v2\/pages\/1671\/revisions"}],"predecessor-version":[{"id":1672,"href":"https:\/\/airportlounges.net\/fr\/wp-json\/wp\/v2\/pages\/1671\/revisions\/1672"}],"wp:attachment":[{"href":"https:\/\/airportlounges.net\/fr\/wp-json\/wp\/v2\/media?parent=1671"}],"curies":[{"name":"wp","href":"https:\/\/api.w.org\/{rel}","templated":true}]}}