{"id":1534,"date":"2024-10-31T13:40:56","date_gmt":"2024-10-31T13:40:56","guid":{"rendered":"https:\/\/airportlounges.net\/flights-pt\/"},"modified":"2024-11-05T15:45:56","modified_gmt":"2024-11-05T15:45:56","slug":"voos","status":"publish","type":"page","link":"https:\/\/airportlounges.net\/pt-pt\/voos\/","title":{"rendered":"Voos"},"content":{"rendered":"<div id=\"cs-content\" class=\"cs-content\"><\/div>\n","protected":false},"excerpt":{"rendered":"<p>Reserve seu voo Desfrute de tarifas acess\u00edveis com conforto e qualidade em cada etapa<\/p>\n","protected":false},"author":2,"featured_media":0,"parent":0,"menu_order":0,"comment_status":"closed","ping_status":"closed","template":"template-blank-4.php","meta":{"footnotes":""},"class_list":["post-1534","page","type-page","status-publish","hentry","no-post-thumbnail"],"yoast_head":"<!-- This site is optimized with the Yoast SEO plugin v26.3 - https:\/\/yoast.com\/wordpress\/plugins\/seo\/ -->\n<title>Reserve Seu Voo com Tarifas Acess\u00edveis | Experi\u00eancia Premium<\/title>\n<meta name=\"description\" content=\"Reserve seu voo e desfrute de conforto e qualidade. Experi\u00eancia premium com servi\u00e7os de alta qualidade em todas as etapas. Reserve agora!\" \/>\n<meta name=\"robots\" content=\"index, follow, max-snippet:-1, max-image-preview:large, max-video-preview:-1\" \/>\n<link rel=\"canonical\" href=\"https:\/\/airportlounges.net\/pt-pt\/voos\/\" \/>\n<meta property=\"og:locale\" content=\"pt_PT\" \/>\n<meta property=\"og:type\" content=\"article\" \/>\n<meta property=\"og:title\" content=\"Reserve Seu Voo com Tarifas Acess\u00edveis | Experi\u00eancia Premium\" \/>\n<meta property=\"og:description\" content=\"Reserve seu voo e desfrute de conforto e qualidade. Experi\u00eancia premium com servi\u00e7os de alta qualidade em todas as etapas. Reserve agora!\" \/>\n<meta property=\"og:url\" content=\"https:\/\/airportlounges.net\/pt-pt\/voos\/\" \/>\n<meta property=\"og:site_name\" content=\"Airport Lounges\" \/>\n<meta property=\"article:publisher\" content=\"https:\/\/www.facebook.com\/airportlounges.net\" \/>\n<meta property=\"article:modified_time\" content=\"2024-11-05T15:45:56+00:00\" \/>\n<meta name=\"twitter:card\" content=\"summary_large_image\" \/>\n<meta name=\"twitter:label1\" content=\"Tempo estimado de leitura\" \/>\n\t<meta name=\"twitter:data1\" content=\"1 minuto\" \/>\n<script type=\"application\/ld+json\" class=\"yoast-schema-graph\">{\"@context\":\"https:\/\/schema.org\",\"@graph\":[{\"@type\":\"WebPage\",\"@id\":\"https:\/\/airportlounges.net\/pt-pt\/voos\/\",\"url\":\"https:\/\/airportlounges.net\/pt-pt\/voos\/\",\"name\":\"Reserve Seu Voo com Tarifas Acess\u00edveis | Experi\u00eancia Premium\",\"isPartOf\":{\"@id\":\"https:\/\/airportlounges.net\/pt-pt\/#website\"},\"datePublished\":\"2024-10-31T13:40:56+00:00\",\"dateModified\":\"2024-11-05T15:45:56+00:00\",\"description\":\"Reserve seu voo e desfrute de conforto e qualidade. Experi\u00eancia premium com servi\u00e7os de alta qualidade em todas as etapas. Reserve agora!\",\"inLanguage\":\"pt-PT\",\"potentialAction\":[{\"@type\":\"ReadAction\",\"target\":[\"https:\/\/airportlounges.net\/pt-pt\/voos\/\"]}]},{\"@type\":\"WebSite\",\"@id\":\"https:\/\/airportlounges.net\/pt-pt\/#website\",\"url\":\"https:\/\/airportlounges.net\/pt-pt\/\",\"name\":\"Airport Lounges\",\"description\":\"Book Now and Save\",\"publisher\":{\"@id\":\"https:\/\/airportlounges.net\/pt-pt\/#organization\"},\"potentialAction\":[{\"@type\":\"SearchAction\",\"target\":{\"@type\":\"EntryPoint\",\"urlTemplate\":\"https:\/\/airportlounges.net\/pt-pt\/?s={search_term_string}\"},\"query-input\":{\"@type\":\"PropertyValueSpecification\",\"valueRequired\":true,\"valueName\":\"search_term_string\"}}],\"inLanguage\":\"pt-PT\"},{\"@type\":\"Organization\",\"@id\":\"https:\/\/airportlounges.net\/pt-pt\/#organization\",\"name\":\"Airport Lounges\",\"url\":\"https:\/\/airportlounges.net\/pt-pt\/\",\"logo\":{\"@type\":\"ImageObject\",\"inLanguage\":\"pt-PT\",\"@id\":\"https:\/\/airportlounges.net\/pt-pt\/#\/schema\/logo\/image\/\",\"url\":\"https:\/\/airportlounges.net\/wp-content\/uploads\/2023\/08\/logo.png\",\"contentUrl\":\"https:\/\/airportlounges.net\/wp-content\/uploads\/2023\/08\/logo.png\",\"width\":850,\"height\":850,\"caption\":\"Airport Lounges\"},\"image\":{\"@id\":\"https:\/\/airportlounges.net\/pt-pt\/#\/schema\/logo\/image\/\"},\"sameAs\":[\"https:\/\/www.facebook.com\/airportlounges.net\"]}]}<\/script>\n<!-- \/ Yoast SEO plugin. -->","yoast_head_json":{"title":"Reserve Seu Voo com Tarifas Acess\u00edveis | Experi\u00eancia Premium","description":"Reserve seu voo e desfrute de conforto e qualidade. Experi\u00eancia premium com servi\u00e7os de alta qualidade em todas as etapas. Reserve agora!","robots":{"index":"index","follow":"follow","max-snippet":"max-snippet:-1","max-image-preview":"max-image-preview:large","max-video-preview":"max-video-preview:-1"},"canonical":"https:\/\/airportlounges.net\/pt-pt\/voos\/","og_locale":"pt_PT","og_type":"article","og_title":"Reserve Seu Voo com Tarifas Acess\u00edveis | Experi\u00eancia Premium","og_description":"Reserve seu voo e desfrute de conforto e qualidade. Experi\u00eancia premium com servi\u00e7os de alta qualidade em todas as etapas. Reserve agora!","og_url":"https:\/\/airportlounges.net\/pt-pt\/voos\/","og_site_name":"Airport Lounges","article_publisher":"https:\/\/www.facebook.com\/airportlounges.net","article_modified_time":"2024-11-05T15:45:56+00:00","twitter_card":"summary_large_image","twitter_misc":{"Tempo estimado de leitura":"1 minuto"},"schema":{"@context":"https:\/\/schema.org","@graph":[{"@type":"WebPage","@id":"https:\/\/airportlounges.net\/pt-pt\/voos\/","url":"https:\/\/airportlounges.net\/pt-pt\/voos\/","name":"Reserve Seu Voo com Tarifas Acess\u00edveis | Experi\u00eancia Premium","isPartOf":{"@id":"https:\/\/airportlounges.net\/pt-pt\/#website"},"datePublished":"2024-10-31T13:40:56+00:00","dateModified":"2024-11-05T15:45:56+00:00","description":"Reserve seu voo e desfrute de conforto e qualidade. Experi\u00eancia premium com servi\u00e7os de alta qualidade em todas as etapas. Reserve agora!","inLanguage":"pt-PT","potentialAction":[{"@type":"ReadAction","target":["https:\/\/airportlounges.net\/pt-pt\/voos\/"]}]},{"@type":"WebSite","@id":"https:\/\/airportlounges.net\/pt-pt\/#website","url":"https:\/\/airportlounges.net\/pt-pt\/","name":"Airport Lounges","description":"Book Now and Save","publisher":{"@id":"https:\/\/airportlounges.net\/pt-pt\/#organization"},"potentialAction":[{"@type":"SearchAction","target":{"@type":"EntryPoint","urlTemplate":"https:\/\/airportlounges.net\/pt-pt\/?s={search_term_string}"},"query-input":{"@type":"PropertyValueSpecification","valueRequired":true,"valueName":"search_term_string"}}],"inLanguage":"pt-PT"},{"@type":"Organization","@id":"https:\/\/airportlounges.net\/pt-pt\/#organization","name":"Airport Lounges","url":"https:\/\/airportlounges.net\/pt-pt\/","logo":{"@type":"ImageObject","inLanguage":"pt-PT","@id":"https:\/\/airportlounges.net\/pt-pt\/#\/schema\/logo\/image\/","url":"https:\/\/airportlounges.net\/wp-content\/uploads\/2023\/08\/logo.png","contentUrl":"https:\/\/airportlounges.net\/wp-content\/uploads\/2023\/08\/logo.png","width":850,"height":850,"caption":"Airport Lounges"},"image":{"@id":"https:\/\/airportlounges.net\/pt-pt\/#\/schema\/logo\/image\/"},"sameAs":["https:\/\/www.facebook.com\/airportlounges.net"]}]}},"_links":{"self":[{"href":"https:\/\/airportlounges.net\/pt-pt\/wp-json\/wp\/v2\/pages\/1534","targetHints":{"allow":["GET"]}}],"collection":[{"href":"https:\/\/airportlounges.net\/pt-pt\/wp-json\/wp\/v2\/pages"}],"about":[{"href":"https:\/\/airportlounges.net\/pt-pt\/wp-json\/wp\/v2\/types\/page"}],"author":[{"embeddable":true,"href":"https:\/\/airportlounges.net\/pt-pt\/wp-json\/wp\/v2\/users\/2"}],"replies":[{"embeddable":true,"href":"https:\/\/airportlounges.net\/pt-pt\/wp-json\/wp\/v2\/comments?post=1534"}],"version-history":[{"count":4,"href":"https:\/\/airportlounges.net\/pt-pt\/wp-json\/wp\/v2\/pages\/1534\/revisions"}],"predecessor-version":[{"id":1538,"href":"https:\/\/airportlounges.net\/pt-pt\/wp-json\/wp\/v2\/pages\/1534\/revisions\/1538"}],"wp:attachment":[{"href":"https:\/\/airportlounges.net\/pt-pt\/wp-json\/wp\/v2\/media?parent=1534"}],"curies":[{"name":"wp","href":"https:\/\/api.w.org\/{rel}","templated":true}]}}