{"id":1564,"date":"2024-10-31T15:44:49","date_gmt":"2024-10-31T15:44:49","guid":{"rendered":"https:\/\/airportlounges.net\/hotels-pt\/"},"modified":"2024-11-05T20:21:20","modified_gmt":"2024-11-05T20:21:20","slug":"reservar-hotel","status":"publish","type":"page","link":"https:\/\/airportlounges.net\/pt-pt\/reservar-hotel\/","title":{"rendered":"Hotels (PT)"},"content":{"rendered":"<div id=\"cs-content\" class=\"cs-content\"><\/div>\n","protected":false},"excerpt":{"rendered":"<p>Reserve o seu hotel Desfrute de uma estadia confort\u00e1vel a pre\u00e7os acess\u00edveis<\/p>\n","protected":false},"author":2,"featured_media":0,"parent":0,"menu_order":0,"comment_status":"closed","ping_status":"closed","template":"template-blank-4.php","meta":{"footnotes":""},"class_list":["post-1564","page","type-page","status-publish","hentry","no-post-thumbnail"],"yoast_head":"<!-- This site is optimized with the Yoast SEO plugin v26.3 - https:\/\/yoast.com\/wordpress\/plugins\/seo\/ -->\n<title>Reserva de Hotel | Pre\u00e7os Acess\u00edveis e Conforto - AirportLounges<\/title>\n<meta name=\"description\" content=\"Reserve o seu hotel online e tenha uma estadia agrad\u00e1vel a pre\u00e7os competitivos. Servi\u00e7os de qualidade para uma viagem inesquec\u00edvel.\" \/>\n<meta name=\"robots\" content=\"index, follow, max-snippet:-1, max-image-preview:large, max-video-preview:-1\" \/>\n<link rel=\"canonical\" href=\"https:\/\/airportlounges.net\/pt-pt\/reservar-hotel\/\" \/>\n<meta property=\"og:locale\" content=\"pt_PT\" \/>\n<meta property=\"og:type\" content=\"article\" \/>\n<meta property=\"og:title\" content=\"Reserva de Hotel | Pre\u00e7os Acess\u00edveis e Conforto - AirportLounges\" \/>\n<meta property=\"og:description\" content=\"Reserve o seu hotel online e tenha uma estadia agrad\u00e1vel a pre\u00e7os competitivos. Servi\u00e7os de qualidade para uma viagem inesquec\u00edvel.\" \/>\n<meta property=\"og:url\" content=\"https:\/\/airportlounges.net\/pt-pt\/reservar-hotel\/\" \/>\n<meta property=\"og:site_name\" content=\"Airport Lounges\" \/>\n<meta property=\"article:publisher\" content=\"https:\/\/www.facebook.com\/airportlounges.net\" \/>\n<meta property=\"article:modified_time\" content=\"2024-11-05T20:21:20+00:00\" \/>\n<meta name=\"twitter:card\" content=\"summary_large_image\" \/>\n<meta name=\"twitter:label1\" content=\"Tempo estimado de leitura\" \/>\n\t<meta name=\"twitter:data1\" content=\"1 minuto\" \/>\n<script type=\"application\/ld+json\" class=\"yoast-schema-graph\">{\"@context\":\"https:\/\/schema.org\",\"@graph\":[{\"@type\":\"WebPage\",\"@id\":\"https:\/\/airportlounges.net\/pt-pt\/reservar-hotel\/\",\"url\":\"https:\/\/airportlounges.net\/pt-pt\/reservar-hotel\/\",\"name\":\"Reserva de Hotel | Pre\u00e7os Acess\u00edveis e Conforto - AirportLounges\",\"isPartOf\":{\"@id\":\"https:\/\/airportlounges.net\/pt-pt\/#website\"},\"datePublished\":\"2024-10-31T15:44:49+00:00\",\"dateModified\":\"2024-11-05T20:21:20+00:00\",\"description\":\"Reserve o seu hotel online e tenha uma estadia agrad\u00e1vel a pre\u00e7os competitivos. Servi\u00e7os de qualidade para uma viagem inesquec\u00edvel.\",\"inLanguage\":\"pt-PT\",\"potentialAction\":[{\"@type\":\"ReadAction\",\"target\":[\"https:\/\/airportlounges.net\/pt-pt\/reservar-hotel\/\"]}]},{\"@type\":\"WebSite\",\"@id\":\"https:\/\/airportlounges.net\/pt-pt\/#website\",\"url\":\"https:\/\/airportlounges.net\/pt-pt\/\",\"name\":\"Airport Lounges\",\"description\":\"Book Now and Save\",\"publisher\":{\"@id\":\"https:\/\/airportlounges.net\/pt-pt\/#organization\"},\"potentialAction\":[{\"@type\":\"SearchAction\",\"target\":{\"@type\":\"EntryPoint\",\"urlTemplate\":\"https:\/\/airportlounges.net\/pt-pt\/?s={search_term_string}\"},\"query-input\":{\"@type\":\"PropertyValueSpecification\",\"valueRequired\":true,\"valueName\":\"search_term_string\"}}],\"inLanguage\":\"pt-PT\"},{\"@type\":\"Organization\",\"@id\":\"https:\/\/airportlounges.net\/pt-pt\/#organization\",\"name\":\"Airport Lounges\",\"url\":\"https:\/\/airportlounges.net\/pt-pt\/\",\"logo\":{\"@type\":\"ImageObject\",\"inLanguage\":\"pt-PT\",\"@id\":\"https:\/\/airportlounges.net\/pt-pt\/#\/schema\/logo\/image\/\",\"url\":\"https:\/\/airportlounges.net\/wp-content\/uploads\/2023\/08\/logo.png\",\"contentUrl\":\"https:\/\/airportlounges.net\/wp-content\/uploads\/2023\/08\/logo.png\",\"width\":850,\"height\":850,\"caption\":\"Airport Lounges\"},\"image\":{\"@id\":\"https:\/\/airportlounges.net\/pt-pt\/#\/schema\/logo\/image\/\"},\"sameAs\":[\"https:\/\/www.facebook.com\/airportlounges.net\"]}]}<\/script>\n<!-- \/ Yoast SEO plugin. -->","yoast_head_json":{"title":"Reserva de Hotel | Pre\u00e7os Acess\u00edveis e Conforto - AirportLounges","description":"Reserve o seu hotel online e tenha uma estadia agrad\u00e1vel a pre\u00e7os competitivos. Servi\u00e7os de qualidade para uma viagem inesquec\u00edvel.","robots":{"index":"index","follow":"follow","max-snippet":"max-snippet:-1","max-image-preview":"max-image-preview:large","max-video-preview":"max-video-preview:-1"},"canonical":"https:\/\/airportlounges.net\/pt-pt\/reservar-hotel\/","og_locale":"pt_PT","og_type":"article","og_title":"Reserva de Hotel | Pre\u00e7os Acess\u00edveis e Conforto - AirportLounges","og_description":"Reserve o seu hotel online e tenha uma estadia agrad\u00e1vel a pre\u00e7os competitivos. Servi\u00e7os de qualidade para uma viagem inesquec\u00edvel.","og_url":"https:\/\/airportlounges.net\/pt-pt\/reservar-hotel\/","og_site_name":"Airport Lounges","article_publisher":"https:\/\/www.facebook.com\/airportlounges.net","article_modified_time":"2024-11-05T20:21:20+00:00","twitter_card":"summary_large_image","twitter_misc":{"Tempo estimado de leitura":"1 minuto"},"schema":{"@context":"https:\/\/schema.org","@graph":[{"@type":"WebPage","@id":"https:\/\/airportlounges.net\/pt-pt\/reservar-hotel\/","url":"https:\/\/airportlounges.net\/pt-pt\/reservar-hotel\/","name":"Reserva de Hotel | Pre\u00e7os Acess\u00edveis e Conforto - AirportLounges","isPartOf":{"@id":"https:\/\/airportlounges.net\/pt-pt\/#website"},"datePublished":"2024-10-31T15:44:49+00:00","dateModified":"2024-11-05T20:21:20+00:00","description":"Reserve o seu hotel online e tenha uma estadia agrad\u00e1vel a pre\u00e7os competitivos. Servi\u00e7os de qualidade para uma viagem inesquec\u00edvel.","inLanguage":"pt-PT","potentialAction":[{"@type":"ReadAction","target":["https:\/\/airportlounges.net\/pt-pt\/reservar-hotel\/"]}]},{"@type":"WebSite","@id":"https:\/\/airportlounges.net\/pt-pt\/#website","url":"https:\/\/airportlounges.net\/pt-pt\/","name":"Airport Lounges","description":"Book Now and Save","publisher":{"@id":"https:\/\/airportlounges.net\/pt-pt\/#organization"},"potentialAction":[{"@type":"SearchAction","target":{"@type":"EntryPoint","urlTemplate":"https:\/\/airportlounges.net\/pt-pt\/?s={search_term_string}"},"query-input":{"@type":"PropertyValueSpecification","valueRequired":true,"valueName":"search_term_string"}}],"inLanguage":"pt-PT"},{"@type":"Organization","@id":"https:\/\/airportlounges.net\/pt-pt\/#organization","name":"Airport Lounges","url":"https:\/\/airportlounges.net\/pt-pt\/","logo":{"@type":"ImageObject","inLanguage":"pt-PT","@id":"https:\/\/airportlounges.net\/pt-pt\/#\/schema\/logo\/image\/","url":"https:\/\/airportlounges.net\/wp-content\/uploads\/2023\/08\/logo.png","contentUrl":"https:\/\/airportlounges.net\/wp-content\/uploads\/2023\/08\/logo.png","width":850,"height":850,"caption":"Airport Lounges"},"image":{"@id":"https:\/\/airportlounges.net\/pt-pt\/#\/schema\/logo\/image\/"},"sameAs":["https:\/\/www.facebook.com\/airportlounges.net"]}]}},"_links":{"self":[{"href":"https:\/\/airportlounges.net\/pt-pt\/wp-json\/wp\/v2\/pages\/1564","targetHints":{"allow":["GET"]}}],"collection":[{"href":"https:\/\/airportlounges.net\/pt-pt\/wp-json\/wp\/v2\/pages"}],"about":[{"href":"https:\/\/airportlounges.net\/pt-pt\/wp-json\/wp\/v2\/types\/page"}],"author":[{"embeddable":true,"href":"https:\/\/airportlounges.net\/pt-pt\/wp-json\/wp\/v2\/users\/2"}],"replies":[{"embeddable":true,"href":"https:\/\/airportlounges.net\/pt-pt\/wp-json\/wp\/v2\/comments?post=1564"}],"version-history":[{"count":3,"href":"https:\/\/airportlounges.net\/pt-pt\/wp-json\/wp\/v2\/pages\/1564\/revisions"}],"predecessor-version":[{"id":1567,"href":"https:\/\/airportlounges.net\/pt-pt\/wp-json\/wp\/v2\/pages\/1564\/revisions\/1567"}],"wp:attachment":[{"href":"https:\/\/airportlounges.net\/pt-pt\/wp-json\/wp\/v2\/media?parent=1564"}],"curies":[{"name":"wp","href":"https:\/\/api.w.org\/{rel}","templated":true}]}}