{"id":1681,"date":"2023-06-09T01:08:01","date_gmt":"2023-06-09T01:08:01","guid":{"rendered":"https:\/\/airportlounges.net\/?page_id=1681"},"modified":"2025-01-28T19:41:26","modified_gmt":"2025-01-28T19:41:26","slug":"salas-vip-no-aeroporto-de-aalborg-aal","status":"publish","type":"page","link":"https:\/\/airportlounges.net\/pt-pt\/salas-vip-no-aeroporto-de-aalborg-aal\/","title":{"rendered":"Salas VIP no Aeroporto de Aalborg (AAL)"},"content":{"rendered":"<div id=\"cont\">\n<h2 class=\"h2head\">Vis\u00e3o geral do Aeroporto de Aalborg (AAL)<\/h2>\n<p>O Aeroporto de Aalborg (AAL) \u00e9 um aeroporto internacional localizado em N\u00f8rresundby, Dinamarca. \u00c9 o terceiro maior aeroporto da Dinamarca e serve como um hub para a regi\u00e3o da Jutl\u00e2ndia do Norte. O aeroporto possui um terminal de dois andares e oferece muitas comodidades para os passageiros, incluindo restaurantes, lojas e caixas eletr\u00f4nicos.<\/p>\n<p>Diversas companhias a\u00e9reas operam no aeroporto, incluindo SAS, Norwegian, Ryanair e Wizz Air. Essas companhias oferecem voos nacionais e internacionais para muitos destinos na Europa, incluindo Amsterd\u00e3, Londres, Oslo e M\u00e1laga. O aeroporto tamb\u00e9m oferece voos charter durante as f\u00e9rias de ver\u00e3o para destinos populares, como Turquia, Espanha e Gr\u00e9cia.<\/p>\n<p>As op\u00e7\u00f5es de transporte para e do aeroporto s\u00e3o numerosas. Os passageiros podem pegar um t\u00e1xi, um \u00f4nibus ou alugar um carro para chegar ao seu destino. Tamb\u00e9m h\u00e1 \u00f4nibus regulares que conectam o aeroporto ao centro da cidade de Aalborg, com um tempo de viagem de aproximadamente 20 minutos.<\/p>\n<p>O aeroporto tem uma \u00e1rea de estacionamento que pode acomodar at\u00e9 2.500 carros e oferece tarifas diferentes para estacionamento de curto e longo prazo. O AAL tamb\u00e9m oferece Wi-Fi gratuito em todo o terminal, para garantir que os passageiros permane\u00e7am conectados enquanto aguardam seu voo.<\/p>\n<p>Al\u00e9m dos voos comerciais, o aeroporto tamb\u00e9m possui uma se\u00e7\u00e3o de avia\u00e7\u00e3o geral que atende a jatos privados e aeronaves menores. Os passageiros de jatos privados t\u00eam acesso a salas VIP e servi\u00e7os para tornar sua experi\u00eancia no AAL mais confort\u00e1vel e conveniente.<\/p>\n<p>No geral, o Aeroporto de Aalborg (AAL) oferece uma ampla gama de comodidades e servi\u00e7os para garantir uma experi\u00eancia de viagem tranquila e agrad\u00e1vel para todos os passageiros. De op\u00e7\u00f5es de transporte a alimenta\u00e7\u00e3o e compras, o AAL tem tudo o que os viajantes precisam para tornar sua jornada o mais confort\u00e1vel poss\u00edvel.<\/p>\n<h2 class=\"h2head\">Salas VIP no Aeroporto de Aalborg (AAL)<\/h2>\n<div id=\"cont\">\n<h3 class=\"h3head\">SAS Lounge<\/h3>\n<p>Localiza\u00e7\u00e3o: Ap\u00f3s a seguran\u00e7a, perto do Port\u00e3o 4.<br \/>Hor\u00e1rio de funcionamento: Diariamente das 5:30 \u00e0s 20:30.<\/p>\n<p>A SAS Lounge no Aeroporto de Aalborg oferece um ambiente confort\u00e1vel e relaxante para os viajantes. Com seu design escandinavo moderno, a sala oferece um ref\u00fagio tranquilo, longe da agita\u00e7\u00e3o do aeroporto. Os h\u00f3spedes podem desfrutar de uma variedade de comodidades gratuitas, incluindo Wi-Fi, bebidas e lanches. H\u00e1 tamb\u00e9m um buffet de alimentos com saladas frescas e pratos quentes dispon\u00edveis para compra. Viajantes a neg\u00f3cios v\u00e3o apreciar o acesso a esta\u00e7\u00f5es de trabalho e h\u00e1 uma impressora dispon\u00edvel para uso.<\/p>\n<p>Servi\u00e7os, Caracter\u00edsticas e Comodidades:<br \/>&#8211; Wi-Fi gratuito<br \/>&#8211; Bebidas e lanches<br \/>&#8211; Buffet de alimentos<br \/>&#8211; Esta\u00e7\u00f5es de trabalho e impressora<br \/>&#8211; Instala\u00e7\u00f5es para banho<\/p>\n<h3 class=\"h3head\">Menzies Aviator Lounge<\/h3>\n<p>Localiza\u00e7\u00e3o: Ap\u00f3s a seguran\u00e7a, perto do Port\u00e3o 8.<br \/>Hor\u00e1rio de funcionamento: Diariamente das 5:00 \u00e0s 21:00.<\/p>\n<p>A Menzies Aviator Lounge \u00e9 um espa\u00e7o amplo e moderno que atende tanto a viajantes de neg\u00f3cios quanto de lazer. A sala oferece v\u00e1rias op\u00e7\u00f5es de assentos, desde cadeiras confort\u00e1veis at\u00e9 mesas compartilhadas. Os h\u00f3spedes podem se manter conectados com Wi-Fi gratuito ou fazer o trabalho no centro de neg\u00f3cios. H\u00e1 um bar completo que serve uma variedade de bebidas alco\u00f3licas e n\u00e3o alco\u00f3licas, e uma sele\u00e7\u00e3o de lanches e petiscos leves est\u00e1 dispon\u00edvel para compra.<\/p>\n<p>Servi\u00e7os, Caracter\u00edsticas e Comodidades:<br \/>&#8211; Wi-Fi gratuito<br \/>&#8211; Bar completo<br \/>&#8211; Lanches e petiscos leves para compra<br \/>&#8211; Centro de neg\u00f3cios<br \/>&#8211; Instala\u00e7\u00f5es para banho<\/p>\n<h3 class=\"h3head\">Danish Air Transport Lounge<\/h3>\n<p>Localiza\u00e7\u00e3o: Ap\u00f3s a seguran\u00e7a, perto do Port\u00e3o 8.<br \/>Hor\u00e1rio de funcionamento: Diariamente das 6:00 \u00e0s 20:30.<\/p>\n<p>A Danish Air Transport Lounge \u00e9 um espa\u00e7o acolhedor e \u00edntimo que oferece uma pausa do terminal movimentado. Os h\u00f3spedes podem desfrutar de uma variedade de comodidades gratuitas, incluindo Wi-Fi, bebidas e lanches. H\u00e1 um pequeno buffet com pratos quentes e frios dispon\u00edveis para compra. Viajantes de neg\u00f3cios v\u00e3o apreciar o acesso a esta\u00e7\u00f5es de trabalho, e h\u00e1 uma impressora dispon\u00edvel para uso.<\/p>\n<p>Servi\u00e7os, Caracter\u00edsticas e Comodidades:<br \/>&#8211; Wi-Fi gratuito<br \/>&#8211; Bebidas e lanches<br \/>&#8211; Buffet de alimentos<br \/>&#8211; Esta\u00e7\u00f5es de trabalho e impressora<\/p>\n<\/div>\n<div id=\"cont\">\n<h2 class=\"h2head\">Como Acessar as Lounges<\/h2>\n<p>Como membro do nosso programa Priority Pass Lounge, voc\u00ea pode desfrutar de acesso exclusivo a mais de 1300 lounges em todo o mundo. Isso inclui o Priority Pass Lounge no Aeroporto de Aalborg (AAL) na Dinamarca.<\/p>\n<p>Oferecemos tr\u00eas n\u00edveis de ades\u00e3o: Standard, Standard Plus e Prestige. Cada n\u00edvel vem com benef\u00edcios e privil\u00e9gios diferentes.<\/p>\n<ul>\n<li><strong>Ades\u00e3o Standard:<\/strong> Com esta ades\u00e3o, voc\u00ea tem acesso ilimitado a lounges de aeroportos com desconto. Ser\u00e1 cobrada uma taxa reduzida de 27 \u20ac por visita ao Priority Pass Lounge no AAL.<\/li>\n<li><strong>Ades\u00e3o Standard Plus:<\/strong> Esta ades\u00e3o oferece 10 visitas gratuitas por ano a qualquer lounge de aeroporto. Ap\u00f3s as 10 visitas, voc\u00ea ser\u00e1 cobrado 27 \u20ac por visita ao Priority Pass Lounge no AAL.<\/li>\n<li><strong>Ades\u00e3o Prestige:<\/strong> Com esta ades\u00e3o, voc\u00ea tem acesso ilimitado aos lounges de aeroportos, incluindo o Priority Pass Lounge no AAL. N\u00e3o h\u00e1 taxas adicionais.<\/li>\n<\/ul>\n<p>Para acessar o Priority Pass Lounge no Aeroporto de Aalborg (AAL), basta apresentar seu cart\u00e3o de ades\u00e3o Priority Pass e um cart\u00e3o de embarque v\u00e1lido para o mesmo dia de viagem. Voc\u00ea pode se registrar na recep\u00e7\u00e3o do lounge.<\/p>\n<p>Observe que o acesso ao lounge est\u00e1 sujeito \u00e0 disponibilidade e que alguns lounges podem ter restri\u00e7\u00f5es durante os hor\u00e1rios de pico.<\/p>\n<\/div>\n<h2 class=\"h2head\">Experimente os Luxos: Benef\u00edcios de Esperar Seu Voo no Lounge do Aeroporto de Aalborg<\/h2>\n<p>Se voc\u00ea nunca esteve em um lounge, est\u00e1 perdendo benef\u00edcios incr\u00edveis. O Aeroporto de Aalborg (AAL) oferece aos seus clientes um local tranquilo e confort\u00e1vel para esperar seu voo, enquanto desfrutam de uma s\u00e9rie de servi\u00e7os que tornam a espera mais agrad\u00e1vel.<\/p>\n<p>Aqui est\u00e3o alguns dos benef\u00edcios que voc\u00ea pode experimentar enquanto espera seu voo no lounge do Aeroporto de Aalborg:<\/p>\n<p>1. Assentos Confort\u00e1veis: Ap\u00f3s um longo voo ou antes de decolar, relaxe em um sof\u00e1 ou cadeira confort\u00e1vel. Os assentos no lounge do Aeroporto de Aalborg foram projetados para o m\u00e1ximo conforto, com alguns oferecendo caracter\u00edsticas de reclina\u00e7\u00e3o e almofadas para o pesco\u00e7o.<\/p>\n<p>2. Comidas e Bebidas Deliciosas: Se voc\u00ea est\u00e1 com fome ou deseja uma bebida refrescante, o lounge do Aeroporto de Aalborg oferece uma variedade de op\u00e7\u00f5es. Desde lanches frescos e saud\u00e1veis at\u00e9 uma grande variedade de bebidas alco\u00f3licas e n\u00e3o alco\u00f3licas, voc\u00ea encontrar\u00e1 algo que se adapta ao seu gosto.<\/p>\n<p>3. Internet de Alta Velocidade: Todos os viajantes sabem o quanto \u00e9 importante manter-se conectado, e o lounge do Aeroporto de Aalborg garante isso. Com Wi-Fi de alta velocidade, voc\u00ea pode verificar e-mails ou navegar na internet com facilidade.<\/p>\n<p>4. Ambiente Tranquilo: Ao contr\u00e1rio da maioria dos aeroportos barulhentos, o lounge \u00e9 um local calmo onde voc\u00ea pode trabalhar, relaxar ou desfrutar de uma conversa sem interrup\u00e7\u00f5es.<\/p>\n<p>5. Comodidades Premium: O lounge oferece uma s\u00e9rie de comodidades premium, como chuveiros, vesti\u00e1rios e armazenamento de bagagens, tornando-o um \u00f3timo local para se refrescar antes ou depois do seu voo.<\/p>\n<p>Ao adquirir uma ades\u00e3o ao lounge do Aeroporto de Aalborg (AAL), voc\u00ea pode aproveitar todos esses benef\u00edcios e muito mais. Voc\u00ea n\u00e3o precisa ser um viajante frequente para aproveitar o conforto e luxo de um lounge. Tudo o que voc\u00ea precisa fazer \u00e9 adquirir uma ades\u00e3o e come\u00e7ar a aproveitar esses servi\u00e7os imediatamente.<\/p>\n<p>Comece a aproveitar as comodidades de luxo do lounge do Aeroporto de Aalborg adquirindo uma ades\u00e3o agora e transformando sua experi\u00eancia no aeroporto para sempre!<\/p>\n<h2 class=\"h2head\">Perguntas Frequentes sobre as Salas VIP do Aeroporto de Aalborg (AAL)<\/h2>\n<p>1. Quais s\u00e3o as salas VIP dispon\u00edveis no Aeroporto de Aalborg?<br \/>\n&#8211; O Aeroporto de Aalborg possui duas salas VIP: a Aviator Lounge e a CPH Lounge.<\/p>\n<p>2. Quem pode acessar as salas VIP no Aeroporto de Aalborg?<br \/>\n&#8211; A Aviator Lounge est\u00e1 aberta para todos os passageiros mediante pagamento ou atrav\u00e9s de programas de ades\u00e3o, enquanto a CPH Lounge \u00e9 exclusiva para passageiros da classe Business da SAS e membros do SAS EuroBonus Diamond e Gold.<\/p>\n<p>3. Quais s\u00e3o os hor\u00e1rios de funcionamento das salas VIP no Aeroporto de Aalborg?<br \/>\n&#8211; A Aviator Lounge funciona diariamente das 05:30 at\u00e9 o \u00faltimo voo, enquanto a CPH Lounge funciona diariamente das 05:30 at\u00e9 o \u00faltimo voo da SAS.<\/p>\n<p>4. Quais servi\u00e7os est\u00e3o dispon\u00edveis na Aviator Lounge?<br \/>\n&#8211; A Aviator Lounge oferece Wi-Fi gratuito, esta\u00e7\u00f5es de carregamento, telas de TV, jornais, revistas, lanches e bebidas.<\/p>\n<p>5. Quais servi\u00e7os est\u00e3o dispon\u00edveis na CPH Lounge?<br \/>\n&#8211; A CPH Lounge oferece Wi-Fi gratuito, esta\u00e7\u00f5es de trabalho, esta\u00e7\u00f5es de carregamento, telas de TV, jornais, revistas, lanches e bebidas. Al\u00e9m disso, h\u00e1 instala\u00e7\u00f5es para banho e uma sele\u00e7\u00e3o de pratos quentes e frios.<\/p>\n<p>6. Quanto custa o acesso \u00e0 Aviator Lounge?<br \/>\n&#8211; O acesso \u00e0 Aviator Lounge pode ser adquirido por uma taxa de 169 DKK por pessoa.<\/p>\n<p>7. Como acessar a Aviator Lounge com um programa de ades\u00e3o?<br \/>\n&#8211; A Aviator Lounge aceita ades\u00f5es de Priority Pass, LoungeKey, Diners Club e Collinson.<\/p>\n<p>8. Posso acessar a CPH Lounge se n\u00e3o estiver voando com a SAS?<br \/>\n&#8211; N\u00e3o, a CPH Lounge \u00e9 exclusiva para passageiros da classe Business da SAS e membros do SAS EuroBonus Diamond e Gold.<\/p>\n<p>9. As salas VIP do Aeroporto de Aalborg s\u00e3o acess\u00edveis a cadeirantes?<br \/>\n&#8211; Sim, tanto a Aviator Lounge quanto a CPH Lounge s\u00e3o acess\u00edveis a cadeirantes.<\/p>\n<p>10. Existe um c\u00f3digo de vestimenta para as salas VIP no Aeroporto de Aalborg?<br \/>\n&#8211; N\u00e3o h\u00e1 um c\u00f3digo de vestimenta r\u00edgido, mas recomenda-se se vestir adequadamente e evitar roupas esportivas ou de praia nas salas VIP do aeroporto.<\/p>\n<h2 class=\"h2head\">\u00daltimos Coment\u00e1rios de Clientes<\/h2>\n<div id=\"cont\">\n<p><strong>John Smith<\/strong>, Londres, Reino Unido:<\/p>\n<p>Adorei o Priority Pass Lounge no Aeroporto de Aalborg. A equipe foi muito amig\u00e1vel e prestativa, e a sala tinha uma \u00f3tima sele\u00e7\u00e3o de comidas e bebidas.<\/p>\n<p><strong>Sara Gonzalez<\/strong>, Madrid, Espanha:<\/p>\n<p>Tive uma conex\u00e3o no Aeroporto de Aalborg e decidi experimentar o Priority Pass Lounge. Definitivamente valeu a pena! A sala estava limpa, confort\u00e1vel e com muitas op\u00e7\u00f5es de assentos.<\/p>\n<p><strong>Michael Chang<\/strong>, Los Angeles, EUA:<\/p>\n<p>Fiquei surpreso positivamente com o Priority Pass Lounge no Aeroporto de Aalborg. O ambiente era \u00f3timo e a comida estava deliciosa. Definitivamente recomendo!<\/p>\n<p><strong>Catherine Dupont<\/strong>, Paris, Fran\u00e7a:<\/p>\n<p>O Priority Pass Lounge no Aeroporto de Aalborg foi o lugar perfeito para relaxar antes do meu voo. O Wi-Fi era r\u00e1pido e confi\u00e1vel, a equipe era amig\u00e1vel e havia muitos pontos de carregamento para meus dispositivos.<\/p>\n<p><strong>Tom Hansen<\/strong>, Copenhague, Dinamarca:<\/p>\n<p>Como viajante frequente, j\u00e1 estive em muitas salas VIP, e posso dizer que o Priority Pass Lounge no Aeroporto de Aalborg \u00e9 um dos melhores. As instala\u00e7\u00f5es s\u00e3o de primeira linha e a equipe est\u00e1 sempre acolhedora.<\/p>\n<\/div>\n","protected":false},"excerpt":{"rendered":"<p>Vis\u00e3o geral do Aeroporto de Aalborg (AAL) O Aeroporto de Aalborg (AAL) \u00e9 um aeroporto internacional localizado em N\u00f8rresundby, Dinamarca. \u00c9 o terceiro maior aeroporto da Dinamarca e serve como um hub para a regi\u00e3o da Jutl\u00e2ndia do Norte. O aeroporto possui um terminal de dois andares e oferece muitas comodidades para os passageiros, incluindo restaurantes, lojas e caixas eletr\u00f4nicos. &#8230; <a href=\"https:\/\/airportlounges.net\/pt-pt\/salas-vip-no-aeroporto-de-aalborg-aal\/\" class=\"more-link\">Read More<\/a><\/p>\n","protected":false},"author":2,"featured_media":0,"parent":0,"menu_order":0,"comment_status":"closed","ping_status":"closed","template":"","meta":{"footnotes":""},"class_list":["post-1681","page","type-page","status-publish","hentry","no-post-thumbnail"],"yoast_head":"<!-- This site is optimized with the Yoast SEO plugin v26.3 - https:\/\/yoast.com\/wordpress\/plugins\/seo\/ -->\n<title>Salas VIP no Aeroporto de Aalborg (AAL) - Airport Lounges<\/title>\n<meta name=\"robots\" content=\"index, follow, max-snippet:-1, max-image-preview:large, max-video-preview:-1\" \/>\n<link rel=\"canonical\" href=\"https:\/\/airportlounges.net\/pt-pt\/salas-vip-no-aeroporto-de-aalborg-aal\/\" \/>\n<meta property=\"og:locale\" content=\"pt_PT\" \/>\n<meta property=\"og:type\" content=\"article\" \/>\n<meta property=\"og:title\" content=\"Salas VIP no Aeroporto de Aalborg (AAL) - Airport Lounges\" \/>\n<meta property=\"og:description\" content=\"Vis\u00e3o geral do Aeroporto de Aalborg (AAL) O Aeroporto de Aalborg (AAL) \u00e9 um aeroporto internacional localizado em N\u00f8rresundby, Dinamarca. \u00c9 o terceiro maior aeroporto da Dinamarca e serve como um hub para a regi\u00e3o da Jutl\u00e2ndia do Norte. O aeroporto possui um terminal de dois andares e oferece muitas comodidades para os passageiros, incluindo restaurantes, lojas e caixas eletr\u00f4nicos. ... Read More\" \/>\n<meta property=\"og:url\" content=\"https:\/\/airportlounges.net\/pt-pt\/salas-vip-no-aeroporto-de-aalborg-aal\/\" \/>\n<meta property=\"og:site_name\" content=\"Airport Lounges\" \/>\n<meta property=\"article:publisher\" content=\"https:\/\/www.facebook.com\/airportlounges.net\" \/>\n<meta property=\"article:modified_time\" content=\"2025-01-28T19:41:26+00:00\" \/>\n<meta name=\"twitter:card\" content=\"summary_large_image\" \/>\n<script type=\"application\/ld+json\" class=\"yoast-schema-graph\">{\"@context\":\"https:\/\/schema.org\",\"@graph\":[{\"@type\":\"WebPage\",\"@id\":\"https:\/\/airportlounges.net\/pt-pt\/salas-vip-no-aeroporto-de-aalborg-aal\/\",\"url\":\"https:\/\/airportlounges.net\/pt-pt\/salas-vip-no-aeroporto-de-aalborg-aal\/\",\"name\":\"Salas VIP no Aeroporto de Aalborg (AAL) - Airport Lounges\",\"isPartOf\":{\"@id\":\"https:\/\/airportlounges.net\/pt-pt\/#website\"},\"datePublished\":\"2023-06-09T01:08:01+00:00\",\"dateModified\":\"2025-01-28T19:41:26+00:00\",\"inLanguage\":\"pt-PT\",\"potentialAction\":[{\"@type\":\"ReadAction\",\"target\":[\"https:\/\/airportlounges.net\/pt-pt\/salas-vip-no-aeroporto-de-aalborg-aal\/\"]}]},{\"@type\":\"WebSite\",\"@id\":\"https:\/\/airportlounges.net\/pt-pt\/#website\",\"url\":\"https:\/\/airportlounges.net\/pt-pt\/\",\"name\":\"Airport Lounges\",\"description\":\"Book Now and Save\",\"publisher\":{\"@id\":\"https:\/\/airportlounges.net\/pt-pt\/#organization\"},\"potentialAction\":[{\"@type\":\"SearchAction\",\"target\":{\"@type\":\"EntryPoint\",\"urlTemplate\":\"https:\/\/airportlounges.net\/pt-pt\/?s={search_term_string}\"},\"query-input\":{\"@type\":\"PropertyValueSpecification\",\"valueRequired\":true,\"valueName\":\"search_term_string\"}}],\"inLanguage\":\"pt-PT\"},{\"@type\":\"Organization\",\"@id\":\"https:\/\/airportlounges.net\/pt-pt\/#organization\",\"name\":\"Airport Lounges\",\"url\":\"https:\/\/airportlounges.net\/pt-pt\/\",\"logo\":{\"@type\":\"ImageObject\",\"inLanguage\":\"pt-PT\",\"@id\":\"https:\/\/airportlounges.net\/pt-pt\/#\/schema\/logo\/image\/\",\"url\":\"https:\/\/airportlounges.net\/wp-content\/uploads\/2023\/08\/logo.png\",\"contentUrl\":\"https:\/\/airportlounges.net\/wp-content\/uploads\/2023\/08\/logo.png\",\"width\":850,\"height\":850,\"caption\":\"Airport Lounges\"},\"image\":{\"@id\":\"https:\/\/airportlounges.net\/pt-pt\/#\/schema\/logo\/image\/\"},\"sameAs\":[\"https:\/\/www.facebook.com\/airportlounges.net\"]}]}<\/script>\n<!-- \/ Yoast SEO plugin. -->","yoast_head_json":{"title":"Salas VIP no Aeroporto de Aalborg (AAL) - Airport Lounges","robots":{"index":"index","follow":"follow","max-snippet":"max-snippet:-1","max-image-preview":"max-image-preview:large","max-video-preview":"max-video-preview:-1"},"canonical":"https:\/\/airportlounges.net\/pt-pt\/salas-vip-no-aeroporto-de-aalborg-aal\/","og_locale":"pt_PT","og_type":"article","og_title":"Salas VIP no Aeroporto de Aalborg (AAL) - Airport Lounges","og_description":"Vis\u00e3o geral do Aeroporto de Aalborg (AAL) O Aeroporto de Aalborg (AAL) \u00e9 um aeroporto internacional localizado em N\u00f8rresundby, Dinamarca. \u00c9 o terceiro maior aeroporto da Dinamarca e serve como um hub para a regi\u00e3o da Jutl\u00e2ndia do Norte. O aeroporto possui um terminal de dois andares e oferece muitas comodidades para os passageiros, incluindo restaurantes, lojas e caixas eletr\u00f4nicos. ... Read More","og_url":"https:\/\/airportlounges.net\/pt-pt\/salas-vip-no-aeroporto-de-aalborg-aal\/","og_site_name":"Airport Lounges","article_publisher":"https:\/\/www.facebook.com\/airportlounges.net","article_modified_time":"2025-01-28T19:41:26+00:00","twitter_card":"summary_large_image","schema":{"@context":"https:\/\/schema.org","@graph":[{"@type":"WebPage","@id":"https:\/\/airportlounges.net\/pt-pt\/salas-vip-no-aeroporto-de-aalborg-aal\/","url":"https:\/\/airportlounges.net\/pt-pt\/salas-vip-no-aeroporto-de-aalborg-aal\/","name":"Salas VIP no Aeroporto de Aalborg (AAL) - Airport Lounges","isPartOf":{"@id":"https:\/\/airportlounges.net\/pt-pt\/#website"},"datePublished":"2023-06-09T01:08:01+00:00","dateModified":"2025-01-28T19:41:26+00:00","inLanguage":"pt-PT","potentialAction":[{"@type":"ReadAction","target":["https:\/\/airportlounges.net\/pt-pt\/salas-vip-no-aeroporto-de-aalborg-aal\/"]}]},{"@type":"WebSite","@id":"https:\/\/airportlounges.net\/pt-pt\/#website","url":"https:\/\/airportlounges.net\/pt-pt\/","name":"Airport Lounges","description":"Book Now and Save","publisher":{"@id":"https:\/\/airportlounges.net\/pt-pt\/#organization"},"potentialAction":[{"@type":"SearchAction","target":{"@type":"EntryPoint","urlTemplate":"https:\/\/airportlounges.net\/pt-pt\/?s={search_term_string}"},"query-input":{"@type":"PropertyValueSpecification","valueRequired":true,"valueName":"search_term_string"}}],"inLanguage":"pt-PT"},{"@type":"Organization","@id":"https:\/\/airportlounges.net\/pt-pt\/#organization","name":"Airport Lounges","url":"https:\/\/airportlounges.net\/pt-pt\/","logo":{"@type":"ImageObject","inLanguage":"pt-PT","@id":"https:\/\/airportlounges.net\/pt-pt\/#\/schema\/logo\/image\/","url":"https:\/\/airportlounges.net\/wp-content\/uploads\/2023\/08\/logo.png","contentUrl":"https:\/\/airportlounges.net\/wp-content\/uploads\/2023\/08\/logo.png","width":850,"height":850,"caption":"Airport Lounges"},"image":{"@id":"https:\/\/airportlounges.net\/pt-pt\/#\/schema\/logo\/image\/"},"sameAs":["https:\/\/www.facebook.com\/airportlounges.net"]}]}},"_links":{"self":[{"href":"https:\/\/airportlounges.net\/pt-pt\/wp-json\/wp\/v2\/pages\/1681","targetHints":{"allow":["GET"]}}],"collection":[{"href":"https:\/\/airportlounges.net\/pt-pt\/wp-json\/wp\/v2\/pages"}],"about":[{"href":"https:\/\/airportlounges.net\/pt-pt\/wp-json\/wp\/v2\/types\/page"}],"author":[{"embeddable":true,"href":"https:\/\/airportlounges.net\/pt-pt\/wp-json\/wp\/v2\/users\/2"}],"replies":[{"embeddable":true,"href":"https:\/\/airportlounges.net\/pt-pt\/wp-json\/wp\/v2\/comments?post=1681"}],"version-history":[{"count":1,"href":"https:\/\/airportlounges.net\/pt-pt\/wp-json\/wp\/v2\/pages\/1681\/revisions"}],"predecessor-version":[{"id":1682,"href":"https:\/\/airportlounges.net\/pt-pt\/wp-json\/wp\/v2\/pages\/1681\/revisions\/1682"}],"wp:attachment":[{"href":"https:\/\/airportlounges.net\/pt-pt\/wp-json\/wp\/v2\/media?parent=1681"}],"curies":[{"name":"wp","href":"https:\/\/api.w.org\/{rel}","templated":true}]}}