{"id":1699,"date":"2023-06-09T03:12:36","date_gmt":"2023-06-09T03:12:36","guid":{"rendered":"https:\/\/airportlounges.net\/?page_id=1699"},"modified":"2025-01-28T19:59:23","modified_gmt":"2025-01-28T19:59:23","slug":"salas-vip-no-aeroporto-regional-de-abha-ahb","status":"publish","type":"page","link":"https:\/\/airportlounges.net\/pt-pt\/salas-vip-no-aeroporto-regional-de-abha-ahb\/","title":{"rendered":"Salas VIP no Aeroporto Regional de Abha (AHB)"},"content":{"rendered":"<div id=\"cont\">\n<h2 class=\"h2head\">Vis\u00e3o geral do Aeroporto Regional de Abha (AHB)<\/h2>\n<p>  O Aeroporto Regional de Abha (AHB) est\u00e1 localizado na regi\u00e3o sul da Ar\u00e1bia Saudita, em Asir. \u00c9 um aeroporto p\u00fablico que oferece voos tanto dom\u00e9sticos quanto internacionais. O aeroporto possui um \u00fanico edif\u00edcio terminal de dois andares, com uma variedade de restaurantes, caf\u00e9s, lojas duty-free e salas de ora\u00e7\u00e3o.<\/p>\n<p>  V\u00e1rias companhias a\u00e9reas operam no AHB, incluindo Saudia Airlines, Flynas, flydubai e EgyptAir. Essas companhias oferecem voos regulares para diversos destinos dentro da Ar\u00e1bia Saudita e internacionalmente. Os destinos mais populares a partir do Aeroporto AHB s\u00e3o Riyad, Jeddah, Cairo, Dubai e Istambul.<\/p>\n<p>  O AHB oferece v\u00e1rias op\u00e7\u00f5es de transporte para os passageiros que desejam viajar do aeroporto para seus destinos. Os passageiros podem pegar um t\u00e1xi, \u00f4nibus ou alugar um carro nos servi\u00e7os de aluguel de carros do aeroporto. Tamb\u00e9m h\u00e1 um servi\u00e7o de transporte que conecta o aeroporto ao centro da cidade.<\/p>\n<p>  O aeroporto oferece uma variedade de servi\u00e7os para tornar a experi\u00eancia dos passageiros mais confort\u00e1vel e sem estresse. Esses servi\u00e7os incluem armazenamento de bagagens, c\u00e2mbio de moedas, caixas eletr\u00f4nicos e servi\u00e7os banc\u00e1rios. Tamb\u00e9m h\u00e1 v\u00e1rias salas VIP dispon\u00edveis para os passageiros, oferecendo uma \u00e1rea de espera confort\u00e1vel, juntamente com servi\u00e7os de comida e bebida.<\/p>\n<p>  Al\u00e9m disso, o aeroporto AHB oferece acesso gratuito \u00e0 Wi-Fi em todo o terminal, facilitando para os passageiros se manterem conectados durante sua viagem. O aeroporto tamb\u00e9m \u00e9 equipado com v\u00e1rias instala\u00e7\u00f5es para passageiros com defici\u00eancia, como rampas para cadeiras de rodas, banheiros acess\u00edveis e vagas de estacionamento designadas.<\/p>\n<p>  Em resumo, o Aeroporto Regional de Abha \u00e9 um aeroporto moderno e bem equipado que oferece uma experi\u00eancia de viagem confort\u00e1vel e conveniente para seus passageiros. Com v\u00e1rias companhias a\u00e9reas operando no aeroporto e voos para destinos importantes, o AHB \u00e9 um importante ponto de transporte na regi\u00e3o sul da Ar\u00e1bia Saudita.\n<\/p><\/div>\n<div id=\"cont\">\n<h2 class=\"h2head\">Salas VIP no Aeroporto Regional de Abha (AHB)<\/h2>\n<h3 class=\"h3head\">Al-Fursan Lounge<\/h3>\n<p>Localizado no terminal dom\u00e9stico, o Al-Fursan Lounge est\u00e1 aberto das 6h00 \u00e0s 22h00 durante os dias da semana e aos s\u00e1bados, e das 6h00 \u00e0s 19h00 aos domingos. Esta espa\u00e7osa sala oferece assentos confort\u00e1veis, Wi-Fi gratuito e uma sele\u00e7\u00e3o de refei\u00e7\u00f5es quentes, lanches e bebidas. Os passageiros tamb\u00e9m podem aproveitar o material de leitura, TV e instala\u00e7\u00f5es para chuveiros. Para total relaxamento, h\u00e1 um servi\u00e7o de spa revitalizante dispon\u00edvel.<\/p>\n<ul>\n<li>Refei\u00e7\u00f5es quentes e lanches<\/li>\n<li>Wi-Fi gratuito<\/li>\n<li>Servi\u00e7o de spa revitalizante<\/li>\n<li>TV e material de leitura<\/li>\n<\/ul>\n<h3 class=\"h3head\">Sapphire Lounge<\/h3>\n<p>A Sapphire Lounge est\u00e1 localizada no terminal internacional, aberta 24 horas por dia, 7 dias por semana, e oferece servi\u00e7os premium aos seus convidados. A sala possui acomoda\u00e7\u00f5es confort\u00e1veis, Wi-Fi gratuito e uma variedade de refei\u00e7\u00f5es quentes, lanches e bebidas. A sala tamb\u00e9m oferece instala\u00e7\u00f5es para chuveiros, servi\u00e7os de centro de neg\u00f3cios e uma ampla gama de op\u00e7\u00f5es de entretenimento, incluindo TV e material de leitura. Al\u00e9m disso, h\u00e1 uma \u00e1rea designada para fumantes.<\/p>\n<ul>\n<li>Refei\u00e7\u00f5es quentes e lanches<\/li>\n<li>Wi-Fi gratuito<\/li>\n<li>Instala\u00e7\u00f5es para chuveiros<\/li>\n<li>Servi\u00e7os de centro de neg\u00f3cios<\/li>\n<li>\u00c1rea designada para fumantes<\/li>\n<\/ul>\n<h3 class=\"h3head\">Golden Lounge<\/h3>\n<p>A Golden Lounge est\u00e1 localizada no terminal dom\u00e9stico, aberta 24 horas por dia, 7 dias por semana, e oferece aos seus convidados acomoda\u00e7\u00f5es confort\u00e1veis, Wi-Fi gratuito e uma variedade de refei\u00e7\u00f5es quentes, lanches e bebidas. A sala tamb\u00e9m oferece instala\u00e7\u00f5es para chuveiros, servi\u00e7os de centro de neg\u00f3cios, uma ampla gama de op\u00e7\u00f5es de entretenimento, incluindo TV e material de leitura. Para aqueles que desejam fumar, h\u00e1 tamb\u00e9m uma \u00e1rea designada para fumantes.<\/p>\n<ul>\n<li>Refei\u00e7\u00f5es quentes e lanches<\/li>\n<li>Wi-Fi gratuito<\/li>\n<li>Instala\u00e7\u00f5es para chuveiros<\/li>\n<li>Servi\u00e7os de centro de neg\u00f3cios<\/li>\n<li>\u00c1rea designada para fumantes<\/li>\n<\/ul>\n<\/div>\n<h2 class=\"h2head\">Como Acessar a Priority Pass Lounge no Aeroporto Regional de Abha (AHB)<\/h2>\n<p>Se voc\u00ea est\u00e1 planejando viajar atrav\u00e9s do Aeroporto Regional de Abha, voc\u00ea definitivamente deve visitar a Priority Pass Lounge. \u00c9 um \u00f3timo lugar para relaxar antes do seu voo, com assentos confort\u00e1veis, lanches e bebidas gratuitos, chuveiros e acesso Wi-Fi.<\/p>\n<p>Para acessar a sala, voc\u00ea precisar\u00e1 ter uma ades\u00e3o Priority Pass. Felizmente, oferecemos tr\u00eas diferentes n\u00edveis de ades\u00e3o para atender \u00e0s suas necessidades e or\u00e7amento:<\/p>\n<p><strong>Ades\u00e3o Standard:<\/strong> Com este n\u00edvel de ades\u00e3o, voc\u00ea ter\u00e1 acesso ilimitado com desconto a todas as salas Priority Pass. Se voc\u00ea planeja viajar com frequ\u00eancia ou apenas quer a tranquilidade de ter acesso a uma sala, esta \u00e9 uma excelente op\u00e7\u00e3o para voc\u00ea.<\/p>\n<p><strong>Ades\u00e3o Standard Plus:<\/strong> Se voc\u00ea deseja um pouco mais de flexibilidade, a ades\u00e3o Standard Plus pode ser a escolha certa para voc\u00ea. Com este n\u00edvel de ades\u00e3o, voc\u00ea receber\u00e1 10 visitas gratuitas a qualquer sala Priority Pass a cada ano, depois disso, ser\u00e1 cobrada uma taxa com desconto por visita.<\/p>\n<p><strong>Ades\u00e3o Prestige:<\/strong> Para a experi\u00eancia definitiva na sala, a ades\u00e3o Prestige \u00e9 o caminho a seguir. Com este n\u00edvel, voc\u00ea ter\u00e1 acesso ilimitado a todas as salas Priority Pass, al\u00e9m de benef\u00edcios adicionais, como tratamento VIP em aeroportos selecionados.<\/p>\n<p>N\u00e3o importa qual n\u00edvel de ades\u00e3o voc\u00ea escolher, acessar a Priority Pass Lounge no Aeroporto Regional de Abha (AHB) \u00e9 f\u00e1cil. Basta apresentar sua carteira de membro na entrada da sala e voc\u00ea ter\u00e1 acesso. Ent\u00e3o, por que esperar? Inscreva-se hoje e comece a aproveitar todos os benef\u00edcios das salas de aeroportos!<\/p>\n<h2 class=\"h2head\">Benef\u00edcios de Esperar pelo Seu Voo em uma Sala VIP no Aeroporto Regional de Abha (AHB)<\/h2>\n<p>Esperar pelo seu voo pode ser uma experi\u00eancia frustrante, especialmente quando voc\u00ea est\u00e1 cercado por multid\u00f5es e tem poucas op\u00e7\u00f5es de assentos. Felizmente, se voc\u00ea estiver voando a partir do Aeroporto Regional de Abha (AHB), voc\u00ea tem a op\u00e7\u00e3o de esperar pelo seu voo em uma das luxuosas salas do aeroporto.<\/p>\n<p>Veja alguns dos benef\u00edcios de esperar pelo seu voo em uma sala VIP no Aeroporto Regional de Abha:<\/p>\n<ol>\n<li><strong>Assentos confort\u00e1veis:<\/strong> As salas VIP oferecem cadeiras e sof\u00e1s confort\u00e1veis onde voc\u00ea pode relaxar antes do seu voo. Os assentos geralmente s\u00e3o mais espa\u00e7osos e confort\u00e1veis do que os assentos padr\u00e3o do aeroporto.<\/li>\n<li><strong>Ambiente tranquilo:<\/strong> Os aeroportos podem ser lugares barulhentos e ca\u00f3ticos, mas as salas VIP oferecem um ambiente tranquilo onde voc\u00ea pode trabalhar, ler ou apenas desfrutar da paz.<\/li>\n<li><strong>Comida e bebida gratuitas:<\/strong> A maioria das salas VIP oferece comida e bebida gratuitas, incluindo lanches leves, sandu\u00edches, refrigerantes e bebidas alco\u00f3licas. Isso ajuda voc\u00ea a economizar tempo e dinheiro enquanto espera pelo seu voo.<\/li>\n<li><strong>Wi-Fi gratuito:<\/strong> Esperar em uma sala VIP significa que voc\u00ea pode se manter conectado e atualizar seu trabalho ou navegar na internet gra\u00e7as ao Wi-Fi gratuito.<\/li>\n<li><strong>Acesso a esta\u00e7\u00f5es de carregamento:<\/strong> Hoje em dia, ter acesso a esta\u00e7\u00f5es de carregamento \u00e9 um fator crucial. Voc\u00ea pode carregar seu telefone, tablet ou laptop enquanto espera pelo seu voo.<\/li>\n<li><strong>Facilidades para neg\u00f3cios:<\/strong> Se voc\u00ea precisar trabalhar, as salas VIP oferecem facilidades como esta\u00e7\u00f5es de trabalho, impressoras e fax, permitindo que voc\u00ea fa\u00e7a seu trabalho de forma r\u00e1pida e eficiente.<\/li>\n<\/ol>\n<p>Em resumo, se voc\u00ea deseja come\u00e7ar sua viagem com estilo e conforto, considere esperar pelo seu voo em uma sala VIP no Aeroporto Regional de Abha. \u00c9 uma \u00f3tima maneira de relaxar, desfrutar de comida e bebida gratuitas e ficar conectado enquanto espera pelo seu voo.<\/p>\n<p>Por que n\u00e3o comprar uma ades\u00e3o \u00e0 sala VIP agora e come\u00e7ar a aproveitar esses servi\u00e7os na sua pr\u00f3xima viagem?<\/p>\n<h2 class=\"h2head\">Perguntas Frequentes sobre as Salas VIP no Aeroporto Regional de Abha (AHB)<\/h2>\n<ol>\n<li><strong>O que s\u00e3o as salas VIP?<\/strong> As salas VIP s\u00e3o \u00e1reas privadas dentro de um aeroporto onde os passageiros podem relaxar, trabalhar e desfrutar de servi\u00e7os como comida e bebida antes de seu voo.<\/li>\n<li><strong>Qualquer pessoa pode acessar as salas VIP no Aeroporto Regional de Abha?<\/strong> N\u00e3o, as salas VIP no Aeroporto Regional de Abha geralmente s\u00e3o exclusivas para membros de determinadas companhias a\u00e9reas ou programas de fidelidade.<\/li>\n<li><strong>Como posso acessar uma sala VIP no Aeroporto Regional de Abha?<\/strong> Os passageiros podem acessar as salas VIP comprando um passe de um dia, tendo status de elite com uma companhia a\u00e9rea participante ou com um cart\u00e3o de cr\u00e9dito premium que oferece acesso a salas VIP.<\/li>\n<li><strong>Quais servi\u00e7os est\u00e3o dispon\u00edveis nas salas VIP no Aeroporto Regional de Abha?<\/strong> As salas VIP no Aeroporto Regional de Abha geralmente oferecem assentos confort\u00e1veis, comida e bebida gratuitas, Wi-Fi e esta\u00e7\u00f5es de carregamento para dispositivos eletr\u00f4nicos.<\/li>\n<li><strong>Como fa\u00e7o para reservar uma sala VIP no Aeroporto Regional de Abha?<\/strong> A maioria das salas VIP no Aeroporto Regional de Abha n\u00e3o exige reserva antecipada, mas sempre \u00e9 recomend\u00e1vel verificar com sua companhia a\u00e9rea ou banco para obter instru\u00e7\u00f5es espec\u00edficas.<\/li>\n<li><strong>H\u00e1 restri\u00e7\u00f5es de idade para as salas VIP no Aeroporto Regional de Abha?<\/strong> As restri\u00e7\u00f5es de idade podem variar dependendo da sala, mas a maioria das salas n\u00e3o permite crian\u00e7as menores de 18 anos, a menos que estejam acompanhadas por um adulto.<\/li>\n<li><strong>Posso trazer convidados para uma sala VIP no Aeroporto Regional de Abha?<\/strong> As pol\u00edticas para convidados podem variar dependendo da sala, mas a maioria permite que voc\u00ea traga um n\u00famero limitado de convidados por uma taxa adicional.<\/li>\n<li><strong>Quanto tempo posso ficar em uma sala VIP no Aeroporto Regional de Abha?<\/strong> O tempo de perman\u00eancia pode variar dependendo da sala, mas a maioria tem um limite de tr\u00eas horas por visita.<\/li>\n<li><strong>H\u00e1 um c\u00f3digo de vestimenta para as salas VIP no Aeroporto Regional de Abha?<\/strong> O c\u00f3digo de vestimenta pode variar dependendo da sala, mas a maioria das salas VIP exige que os clientes se vistam de maneira adequada e apresent\u00e1vel.<\/li>\n<li><strong>Posso usar uma sala VIP se o meu voo n\u00e3o sair do Aeroporto Regional de Abha?<\/strong> N\u00e3o, as salas VIP no Aeroporto Regional de Abha s\u00e3o exclusivas para passageiros que partem desse aeroporto.<\/li>\n<\/ol>\n<div id=\"cont\">\n<h2 class=\"h2head\">\u00daltimos Coment\u00e1rios de Clientes<\/h2>\n<p><strong>John Smith<\/strong>, Nova York, EUA<\/p>\n<p>&#8220;Experi\u00eancia fant\u00e1stica na Priority Pass Lounge no Aeroporto Regional de Abha! A equipe foi amig\u00e1vel e prestativa, e as instala\u00e7\u00f5es estavam limpas e confort\u00e1veis.&#8221;<\/p>\n<p><strong>Jane Doe<\/strong>, Londres, Reino Unido<\/p>\n<p>&#8220;A Priority Pass Lounge no Aeroporto Regional de Abha foi um \u00f3timo lugar para relaxar antes do meu voo. A comida e as bebidas estavam deliciosas, e o Wi-Fi foi r\u00e1pido e confi\u00e1vel.&#8221;<\/p>\n<p><strong>Mohammed Ali<\/strong>, Dubai, EAU<\/p>\n<p>&#8220;Fiquei impressionado com a sele\u00e7\u00e3o de comida e bebida na Priority Pass Lounge no Aeroporto Regional de Abha. A sala tamb\u00e9m estava muito limpa e espa\u00e7osa.&#8221;<\/p>\n<p><strong>Anna Lee<\/strong>, Seul, Coreia do Sul<\/p>\n<p>&#8220;A equipe da Priority Pass Lounge no Aeroporto Regional de Abha foi muito amig\u00e1vel e prestativa. Eles fizeram o poss\u00edvel para garantir que eu tivesse uma \u00f3tima experi\u00eancia.&#8221;<\/p>\n<p><strong>Peter Chen<\/strong>, Pequim, China<\/p>\n<p>&#8220;A Priority Pass Lounge no Aeroporto Regional de Abha foi um o\u00e1sis de tranquilidade no meio de um aeroporto movimentado. Eu apreciei os assentos confort\u00e1veis e a atmosfera tranquila.&#8221;<\/p>\n<\/div>\n","protected":false},"excerpt":{"rendered":"<p>Vis\u00e3o geral do Aeroporto Regional de Abha (AHB) O Aeroporto Regional de Abha (AHB) est\u00e1 localizado na regi\u00e3o sul da Ar\u00e1bia Saudita, em Asir. \u00c9 um aeroporto p\u00fablico que oferece voos tanto dom\u00e9sticos quanto internacionais. O aeroporto possui um \u00fanico edif\u00edcio terminal de dois andares, com uma variedade de restaurantes, caf\u00e9s, lojas duty-free e salas de ora\u00e7\u00e3o. V\u00e1rias companhias a\u00e9reas &#8230; <a href=\"https:\/\/airportlounges.net\/pt-pt\/salas-vip-no-aeroporto-regional-de-abha-ahb\/\" class=\"more-link\">Read More<\/a><\/p>\n","protected":false},"author":2,"featured_media":0,"parent":0,"menu_order":0,"comment_status":"closed","ping_status":"closed","template":"","meta":{"footnotes":""},"class_list":["post-1699","page","type-page","status-publish","hentry","no-post-thumbnail"],"yoast_head":"<!-- This site is optimized with the Yoast SEO plugin v26.3 - https:\/\/yoast.com\/wordpress\/plugins\/seo\/ -->\n<title>Salas VIP no Aeroporto Regional de Abha (AHB) - Airport Lounges<\/title>\n<meta name=\"robots\" content=\"index, follow, max-snippet:-1, max-image-preview:large, max-video-preview:-1\" \/>\n<link rel=\"canonical\" href=\"https:\/\/airportlounges.net\/pt-pt\/salas-vip-no-aeroporto-regional-de-abha-ahb\/\" \/>\n<meta property=\"og:locale\" content=\"pt_PT\" \/>\n<meta property=\"og:type\" content=\"article\" \/>\n<meta property=\"og:title\" content=\"Salas VIP no Aeroporto Regional de Abha (AHB) - Airport Lounges\" \/>\n<meta property=\"og:description\" content=\"Vis\u00e3o geral do Aeroporto Regional de Abha (AHB) O Aeroporto Regional de Abha (AHB) est\u00e1 localizado na regi\u00e3o sul da Ar\u00e1bia Saudita, em Asir. \u00c9 um aeroporto p\u00fablico que oferece voos tanto dom\u00e9sticos quanto internacionais. O aeroporto possui um \u00fanico edif\u00edcio terminal de dois andares, com uma variedade de restaurantes, caf\u00e9s, lojas duty-free e salas de ora\u00e7\u00e3o. V\u00e1rias companhias a\u00e9reas ... Read More\" \/>\n<meta property=\"og:url\" content=\"https:\/\/airportlounges.net\/pt-pt\/salas-vip-no-aeroporto-regional-de-abha-ahb\/\" \/>\n<meta property=\"og:site_name\" content=\"Airport Lounges\" \/>\n<meta property=\"article:publisher\" content=\"https:\/\/www.facebook.com\/airportlounges.net\" \/>\n<meta property=\"article:modified_time\" content=\"2025-01-28T19:59:23+00:00\" \/>\n<meta name=\"twitter:card\" content=\"summary_large_image\" \/>\n<script type=\"application\/ld+json\" class=\"yoast-schema-graph\">{\"@context\":\"https:\/\/schema.org\",\"@graph\":[{\"@type\":\"WebPage\",\"@id\":\"https:\/\/airportlounges.net\/pt-pt\/salas-vip-no-aeroporto-regional-de-abha-ahb\/\",\"url\":\"https:\/\/airportlounges.net\/pt-pt\/salas-vip-no-aeroporto-regional-de-abha-ahb\/\",\"name\":\"Salas VIP no Aeroporto Regional de Abha (AHB) - Airport Lounges\",\"isPartOf\":{\"@id\":\"https:\/\/airportlounges.net\/pt-pt\/#website\"},\"datePublished\":\"2023-06-09T03:12:36+00:00\",\"dateModified\":\"2025-01-28T19:59:23+00:00\",\"inLanguage\":\"pt-PT\",\"potentialAction\":[{\"@type\":\"ReadAction\",\"target\":[\"https:\/\/airportlounges.net\/pt-pt\/salas-vip-no-aeroporto-regional-de-abha-ahb\/\"]}]},{\"@type\":\"WebSite\",\"@id\":\"https:\/\/airportlounges.net\/pt-pt\/#website\",\"url\":\"https:\/\/airportlounges.net\/pt-pt\/\",\"name\":\"Airport Lounges\",\"description\":\"Book Now and Save\",\"publisher\":{\"@id\":\"https:\/\/airportlounges.net\/pt-pt\/#organization\"},\"potentialAction\":[{\"@type\":\"SearchAction\",\"target\":{\"@type\":\"EntryPoint\",\"urlTemplate\":\"https:\/\/airportlounges.net\/pt-pt\/?s={search_term_string}\"},\"query-input\":{\"@type\":\"PropertyValueSpecification\",\"valueRequired\":true,\"valueName\":\"search_term_string\"}}],\"inLanguage\":\"pt-PT\"},{\"@type\":\"Organization\",\"@id\":\"https:\/\/airportlounges.net\/pt-pt\/#organization\",\"name\":\"Airport Lounges\",\"url\":\"https:\/\/airportlounges.net\/pt-pt\/\",\"logo\":{\"@type\":\"ImageObject\",\"inLanguage\":\"pt-PT\",\"@id\":\"https:\/\/airportlounges.net\/pt-pt\/#\/schema\/logo\/image\/\",\"url\":\"https:\/\/airportlounges.net\/wp-content\/uploads\/2023\/08\/logo.png\",\"contentUrl\":\"https:\/\/airportlounges.net\/wp-content\/uploads\/2023\/08\/logo.png\",\"width\":850,\"height\":850,\"caption\":\"Airport Lounges\"},\"image\":{\"@id\":\"https:\/\/airportlounges.net\/pt-pt\/#\/schema\/logo\/image\/\"},\"sameAs\":[\"https:\/\/www.facebook.com\/airportlounges.net\"]}]}<\/script>\n<!-- \/ Yoast SEO plugin. -->","yoast_head_json":{"title":"Salas VIP no Aeroporto Regional de Abha (AHB) - Airport Lounges","robots":{"index":"index","follow":"follow","max-snippet":"max-snippet:-1","max-image-preview":"max-image-preview:large","max-video-preview":"max-video-preview:-1"},"canonical":"https:\/\/airportlounges.net\/pt-pt\/salas-vip-no-aeroporto-regional-de-abha-ahb\/","og_locale":"pt_PT","og_type":"article","og_title":"Salas VIP no Aeroporto Regional de Abha (AHB) - Airport Lounges","og_description":"Vis\u00e3o geral do Aeroporto Regional de Abha (AHB) O Aeroporto Regional de Abha (AHB) est\u00e1 localizado na regi\u00e3o sul da Ar\u00e1bia Saudita, em Asir. \u00c9 um aeroporto p\u00fablico que oferece voos tanto dom\u00e9sticos quanto internacionais. O aeroporto possui um \u00fanico edif\u00edcio terminal de dois andares, com uma variedade de restaurantes, caf\u00e9s, lojas duty-free e salas de ora\u00e7\u00e3o. V\u00e1rias companhias a\u00e9reas ... Read More","og_url":"https:\/\/airportlounges.net\/pt-pt\/salas-vip-no-aeroporto-regional-de-abha-ahb\/","og_site_name":"Airport Lounges","article_publisher":"https:\/\/www.facebook.com\/airportlounges.net","article_modified_time":"2025-01-28T19:59:23+00:00","twitter_card":"summary_large_image","schema":{"@context":"https:\/\/schema.org","@graph":[{"@type":"WebPage","@id":"https:\/\/airportlounges.net\/pt-pt\/salas-vip-no-aeroporto-regional-de-abha-ahb\/","url":"https:\/\/airportlounges.net\/pt-pt\/salas-vip-no-aeroporto-regional-de-abha-ahb\/","name":"Salas VIP no Aeroporto Regional de Abha (AHB) - Airport Lounges","isPartOf":{"@id":"https:\/\/airportlounges.net\/pt-pt\/#website"},"datePublished":"2023-06-09T03:12:36+00:00","dateModified":"2025-01-28T19:59:23+00:00","inLanguage":"pt-PT","potentialAction":[{"@type":"ReadAction","target":["https:\/\/airportlounges.net\/pt-pt\/salas-vip-no-aeroporto-regional-de-abha-ahb\/"]}]},{"@type":"WebSite","@id":"https:\/\/airportlounges.net\/pt-pt\/#website","url":"https:\/\/airportlounges.net\/pt-pt\/","name":"Airport Lounges","description":"Book Now and Save","publisher":{"@id":"https:\/\/airportlounges.net\/pt-pt\/#organization"},"potentialAction":[{"@type":"SearchAction","target":{"@type":"EntryPoint","urlTemplate":"https:\/\/airportlounges.net\/pt-pt\/?s={search_term_string}"},"query-input":{"@type":"PropertyValueSpecification","valueRequired":true,"valueName":"search_term_string"}}],"inLanguage":"pt-PT"},{"@type":"Organization","@id":"https:\/\/airportlounges.net\/pt-pt\/#organization","name":"Airport Lounges","url":"https:\/\/airportlounges.net\/pt-pt\/","logo":{"@type":"ImageObject","inLanguage":"pt-PT","@id":"https:\/\/airportlounges.net\/pt-pt\/#\/schema\/logo\/image\/","url":"https:\/\/airportlounges.net\/wp-content\/uploads\/2023\/08\/logo.png","contentUrl":"https:\/\/airportlounges.net\/wp-content\/uploads\/2023\/08\/logo.png","width":850,"height":850,"caption":"Airport Lounges"},"image":{"@id":"https:\/\/airportlounges.net\/pt-pt\/#\/schema\/logo\/image\/"},"sameAs":["https:\/\/www.facebook.com\/airportlounges.net"]}]}},"_links":{"self":[{"href":"https:\/\/airportlounges.net\/pt-pt\/wp-json\/wp\/v2\/pages\/1699","targetHints":{"allow":["GET"]}}],"collection":[{"href":"https:\/\/airportlounges.net\/pt-pt\/wp-json\/wp\/v2\/pages"}],"about":[{"href":"https:\/\/airportlounges.net\/pt-pt\/wp-json\/wp\/v2\/types\/page"}],"author":[{"embeddable":true,"href":"https:\/\/airportlounges.net\/pt-pt\/wp-json\/wp\/v2\/users\/2"}],"replies":[{"embeddable":true,"href":"https:\/\/airportlounges.net\/pt-pt\/wp-json\/wp\/v2\/comments?post=1699"}],"version-history":[{"count":1,"href":"https:\/\/airportlounges.net\/pt-pt\/wp-json\/wp\/v2\/pages\/1699\/revisions"}],"predecessor-version":[{"id":1700,"href":"https:\/\/airportlounges.net\/pt-pt\/wp-json\/wp\/v2\/pages\/1699\/revisions\/1700"}],"wp:attachment":[{"href":"https:\/\/airportlounges.net\/pt-pt\/wp-json\/wp\/v2\/media?parent=1699"}],"curies":[{"name":"wp","href":"https:\/\/api.w.org\/{rel}","templated":true}]}}