{"id":1589,"date":"2023-06-05T21:43:03","date_gmt":"2023-06-05T21:43:03","guid":{"rendered":"https:\/\/airportlounges.net\/home-tr\/"},"modified":"2025-11-03T15:44:26","modified_gmt":"2025-11-03T15:44:26","slug":"home-2","status":"publish","type":"page","link":"https:\/\/airportlounges.net\/tr\/","title":{"rendered":"AirportLounges.net &#8211; Havaliman\u0131 Loungelerine Eri\u015fim"},"content":{"rendered":"<div id=\"cs-content\" class=\"cs-content\"><\/div>\n","protected":false},"excerpt":{"rendered":"<p>Havaliman\u0131 Loungelerinize Eri\u015fim Sa\u011flay\u0131n 1.600&#8217;den fazla lounge ile u\u00e7u\u015f \u00f6ncesi konforu ya\u015fay\u0131n\u00dcyelik AlDaha Fazla BilgiNas\u0131l \u00c7al\u0131\u015f\u0131r Web sitemizdeki \u00fcyelik seviyenizi se\u00e7in Lounge&#8217;unuzu uygulama \u00fczerinden rezerve edin veya gi\u015feye gidin Ajan\u0131n\u0131za \u00fcyelik kart\u0131n\u0131z\u0131 ve bini\u015f kart\u0131n\u0131z\u0131 g\u00f6sterin U\u00e7u\u015f \u00f6ncesi VIP lounge&#8217;unuzun t\u00fcm olanaklar\u0131n\u0131n tad\u0131n\u0131 \u00e7\u0131kar\u0131n \u00dcyelik Planlar\u0131\u00dc\u00e7 \u00f6zel \u00fcyelik seviyesi ile, bilet s\u0131n\u0131f\u0131 veya havayolu stat\u00fcs\u00fcnde k\u0131s\u0131tlama olmaks\u0131z\u0131n, d\u00fcnya genelindeki VIP &#8230; <a href=\"https:\/\/airportlounges.net\/tr\/\" class=\"more-link\">Read More<\/a><\/p>\n","protected":false},"author":2,"featured_media":0,"parent":0,"menu_order":0,"comment_status":"closed","ping_status":"closed","template":"template-blank-4.php","meta":{"footnotes":""},"class_list":["post-1589","page","type-page","status-publish","hentry","no-post-thumbnail"],"yoast_head":"<!-- This site is optimized with the Yoast SEO plugin v26.3 - https:\/\/yoast.com\/wordpress\/plugins\/seo\/ -->\n<title>Havaliman\u0131 VIP Loungelerine Eri\u015fim | AirportLounges.net<\/title>\n<meta name=\"description\" content=\"D\u00fcnyada 1.600&#039;den fazla havaliman\u0131 lounge&#039;una s\u0131n\u0131rs\u0131z eri\u015fim sa\u011flay\u0131n. Esnek planlar ve premium destek ile seyahatinizi unutulmaz k\u0131l\u0131n.\" \/>\n<meta name=\"robots\" content=\"index, follow, max-snippet:-1, max-image-preview:large, max-video-preview:-1\" \/>\n<link rel=\"canonical\" href=\"https:\/\/airportlounges.net\/tr\/\" \/>\n<meta property=\"og:locale\" content=\"tr_TR\" \/>\n<meta property=\"og:type\" content=\"article\" \/>\n<meta property=\"og:title\" content=\"Havaliman\u0131 VIP Loungelerine Eri\u015fim | AirportLounges.net\" \/>\n<meta property=\"og:description\" content=\"D\u00fcnyada 1.600&#039;den fazla havaliman\u0131 lounge&#039;una s\u0131n\u0131rs\u0131z eri\u015fim sa\u011flay\u0131n. Esnek planlar ve premium destek ile seyahatinizi unutulmaz k\u0131l\u0131n.\" \/>\n<meta property=\"og:url\" content=\"https:\/\/airportlounges.net\/tr\/\" \/>\n<meta property=\"og:site_name\" content=\"Airport Lounges\" \/>\n<meta property=\"article:publisher\" content=\"https:\/\/www.facebook.com\/airportlounges.net\" \/>\n<meta property=\"article:modified_time\" content=\"2025-11-03T15:44:26+00:00\" \/>\n<meta name=\"twitter:card\" content=\"summary_large_image\" \/>\n<meta name=\"twitter:label1\" content=\"Tahmini okuma s\u00fcresi\" \/>\n\t<meta name=\"twitter:data1\" content=\"8 dakika\" \/>\n<script type=\"application\/ld+json\" class=\"yoast-schema-graph\">{\"@context\":\"https:\/\/schema.org\",\"@graph\":[{\"@type\":\"WebPage\",\"@id\":\"https:\/\/airportlounges.net\/tr\/\",\"url\":\"https:\/\/airportlounges.net\/tr\/\",\"name\":\"Havaliman\u0131 VIP Loungelerine Eri\u015fim | AirportLounges.net\",\"isPartOf\":{\"@id\":\"https:\/\/airportlounges.net\/tr\/#website\"},\"datePublished\":\"2023-06-05T21:43:03+00:00\",\"dateModified\":\"2025-11-03T15:44:26+00:00\",\"description\":\"D\u00fcnyada 1.600'den fazla havaliman\u0131 lounge'una s\u0131n\u0131rs\u0131z eri\u015fim sa\u011flay\u0131n. Esnek planlar ve premium destek ile seyahatinizi unutulmaz k\u0131l\u0131n.\",\"inLanguage\":\"tr\",\"potentialAction\":[{\"@type\":\"ReadAction\",\"target\":[\"https:\/\/airportlounges.net\/tr\/\"]}]},{\"@type\":\"WebSite\",\"@id\":\"https:\/\/airportlounges.net\/tr\/#website\",\"url\":\"https:\/\/airportlounges.net\/tr\/\",\"name\":\"Airport Lounges\",\"description\":\"Book Now and Save\",\"publisher\":{\"@id\":\"https:\/\/airportlounges.net\/tr\/#organization\"},\"potentialAction\":[{\"@type\":\"SearchAction\",\"target\":{\"@type\":\"EntryPoint\",\"urlTemplate\":\"https:\/\/airportlounges.net\/tr\/?s={search_term_string}\"},\"query-input\":{\"@type\":\"PropertyValueSpecification\",\"valueRequired\":true,\"valueName\":\"search_term_string\"}}],\"inLanguage\":\"tr\"},{\"@type\":\"Organization\",\"@id\":\"https:\/\/airportlounges.net\/tr\/#organization\",\"name\":\"Airport Lounges\",\"url\":\"https:\/\/airportlounges.net\/tr\/\",\"logo\":{\"@type\":\"ImageObject\",\"inLanguage\":\"tr\",\"@id\":\"https:\/\/airportlounges.net\/tr\/#\/schema\/logo\/image\/\",\"url\":\"https:\/\/airportlounges.net\/wp-content\/uploads\/2023\/08\/logo.png\",\"contentUrl\":\"https:\/\/airportlounges.net\/wp-content\/uploads\/2023\/08\/logo.png\",\"width\":850,\"height\":850,\"caption\":\"Airport Lounges\"},\"image\":{\"@id\":\"https:\/\/airportlounges.net\/tr\/#\/schema\/logo\/image\/\"},\"sameAs\":[\"https:\/\/www.facebook.com\/airportlounges.net\"]}]}<\/script>\n<!-- \/ Yoast SEO plugin. -->","yoast_head_json":{"title":"Havaliman\u0131 VIP Loungelerine Eri\u015fim | AirportLounges.net","description":"D\u00fcnyada 1.600'den fazla havaliman\u0131 lounge'una s\u0131n\u0131rs\u0131z eri\u015fim sa\u011flay\u0131n. Esnek planlar ve premium destek ile seyahatinizi unutulmaz k\u0131l\u0131n.","robots":{"index":"index","follow":"follow","max-snippet":"max-snippet:-1","max-image-preview":"max-image-preview:large","max-video-preview":"max-video-preview:-1"},"canonical":"https:\/\/airportlounges.net\/tr\/","og_locale":"tr_TR","og_type":"article","og_title":"Havaliman\u0131 VIP Loungelerine Eri\u015fim | AirportLounges.net","og_description":"D\u00fcnyada 1.600'den fazla havaliman\u0131 lounge'una s\u0131n\u0131rs\u0131z eri\u015fim sa\u011flay\u0131n. Esnek planlar ve premium destek ile seyahatinizi unutulmaz k\u0131l\u0131n.","og_url":"https:\/\/airportlounges.net\/tr\/","og_site_name":"Airport Lounges","article_publisher":"https:\/\/www.facebook.com\/airportlounges.net","article_modified_time":"2025-11-03T15:44:26+00:00","twitter_card":"summary_large_image","twitter_misc":{"Tahmini okuma s\u00fcresi":"8 dakika"},"schema":{"@context":"https:\/\/schema.org","@graph":[{"@type":"WebPage","@id":"https:\/\/airportlounges.net\/tr\/","url":"https:\/\/airportlounges.net\/tr\/","name":"Havaliman\u0131 VIP Loungelerine Eri\u015fim | AirportLounges.net","isPartOf":{"@id":"https:\/\/airportlounges.net\/tr\/#website"},"datePublished":"2023-06-05T21:43:03+00:00","dateModified":"2025-11-03T15:44:26+00:00","description":"D\u00fcnyada 1.600'den fazla havaliman\u0131 lounge'una s\u0131n\u0131rs\u0131z eri\u015fim sa\u011flay\u0131n. Esnek planlar ve premium destek ile seyahatinizi unutulmaz k\u0131l\u0131n.","inLanguage":"tr","potentialAction":[{"@type":"ReadAction","target":["https:\/\/airportlounges.net\/tr\/"]}]},{"@type":"WebSite","@id":"https:\/\/airportlounges.net\/tr\/#website","url":"https:\/\/airportlounges.net\/tr\/","name":"Airport Lounges","description":"Book Now and Save","publisher":{"@id":"https:\/\/airportlounges.net\/tr\/#organization"},"potentialAction":[{"@type":"SearchAction","target":{"@type":"EntryPoint","urlTemplate":"https:\/\/airportlounges.net\/tr\/?s={search_term_string}"},"query-input":{"@type":"PropertyValueSpecification","valueRequired":true,"valueName":"search_term_string"}}],"inLanguage":"tr"},{"@type":"Organization","@id":"https:\/\/airportlounges.net\/tr\/#organization","name":"Airport Lounges","url":"https:\/\/airportlounges.net\/tr\/","logo":{"@type":"ImageObject","inLanguage":"tr","@id":"https:\/\/airportlounges.net\/tr\/#\/schema\/logo\/image\/","url":"https:\/\/airportlounges.net\/wp-content\/uploads\/2023\/08\/logo.png","contentUrl":"https:\/\/airportlounges.net\/wp-content\/uploads\/2023\/08\/logo.png","width":850,"height":850,"caption":"Airport Lounges"},"image":{"@id":"https:\/\/airportlounges.net\/tr\/#\/schema\/logo\/image\/"},"sameAs":["https:\/\/www.facebook.com\/airportlounges.net"]}]}},"_links":{"self":[{"href":"https:\/\/airportlounges.net\/tr\/wp-json\/wp\/v2\/pages\/1589","targetHints":{"allow":["GET"]}}],"collection":[{"href":"https:\/\/airportlounges.net\/tr\/wp-json\/wp\/v2\/pages"}],"about":[{"href":"https:\/\/airportlounges.net\/tr\/wp-json\/wp\/v2\/types\/page"}],"author":[{"embeddable":true,"href":"https:\/\/airportlounges.net\/tr\/wp-json\/wp\/v2\/users\/2"}],"replies":[{"embeddable":true,"href":"https:\/\/airportlounges.net\/tr\/wp-json\/wp\/v2\/comments?post=1589"}],"version-history":[{"count":8,"href":"https:\/\/airportlounges.net\/tr\/wp-json\/wp\/v2\/pages\/1589\/revisions"}],"predecessor-version":[{"id":1748,"href":"https:\/\/airportlounges.net\/tr\/wp-json\/wp\/v2\/pages\/1589\/revisions\/1748"}],"wp:attachment":[{"href":"https:\/\/airportlounges.net\/tr\/wp-json\/wp\/v2\/media?parent=1589"}],"curies":[{"name":"wp","href":"https:\/\/api.w.org\/{rel}","templated":true}]}}