{"id":1663,"date":"2023-06-09T01:07:43","date_gmt":"2023-06-09T01:07:43","guid":{"rendered":"https:\/\/airportlounges.net\/?page_id=1663"},"modified":"2025-01-28T18:39:44","modified_gmt":"2025-01-28T18:39:44","slug":"a-coruna-havalimani-lcg-vip-salonlari","status":"publish","type":"page","link":"https:\/\/airportlounges.net\/tr\/a-coruna-havalimani-lcg-vip-salonlari\/","title":{"rendered":"A Coru\u00f1a Havaliman\u0131 (LCG) VIP Salonlar\u0131"},"content":{"rendered":"<div id=\"cont\">\n<h2 class=\"h2head\">A Coru\u00f1a Havaliman\u0131 Genel Bak\u0131\u015f (LCG)<\/h2>\n<p>  A Coru\u00f1a Havaliman\u0131, Alvedro Havaliman\u0131 olarak da bilinir, Galisya b\u00f6lgesindeki A Coru\u00f1a \u015fehrine hizmet vermektedir. \u015eehir merkezinin yakla\u015f\u0131k 8 kilometre g\u00fcneyinde yer almakta olup, araba, taksi veya toplu ta\u015f\u0131ma ile kolayca ula\u015f\u0131labilir.<\/p>\n<p>  Havaliman\u0131n\u0131n tek bir terminal binas\u0131 vard\u0131r ve hem i\u00e7 hatlar hem de d\u0131\u015f hatlar u\u00e7u\u015flar\u0131n\u0131 i\u015flemektedir. Terminalde k\u00fc\u00e7\u00fck bir dizi ma\u011faza ve restoran bulunmakta olup, tesis genelinde \u00fccretsiz Wi-Fi mevcuttur. Ayr\u0131ca, yolcular i\u00e7in birka\u00e7 ATM ve d\u00f6viz de\u011fi\u015fim b\u00fcfesi de bulunmaktad\u0131r.<\/p>\n<p>  A Coru\u00f1a Havaliman\u0131, Iberia, Vueling, Air Europa, Ryanair ve Volotea gibi bir\u00e7ok havayolu taraf\u0131ndan hizmet verilmektedir. Bu havayollar\u0131, \u0130spanya i\u00e7i destinasyonlar\u0131n yan\u0131 s\u0131ra Londra, Paris, Br\u00fcksel ve Milano gibi di\u011fer Avrupa \u015fehirlerine u\u00e7u\u015flar sunmaktad\u0131r.<\/p>\n<p>  Havaliman\u0131na ula\u015f\u0131m i\u00e7in ana se\u00e7enekler taksiler, otob\u00fcsler ve ara\u00e7 kiralamad\u0131r. Taksiler, terminal binas\u0131n\u0131n d\u0131\u015f\u0131nda kolayca bulunabilir ve var\u0131\u015f noktan\u0131za h\u0131zl\u0131 ve rahat bir \u015fekilde ula\u015fman\u0131n pratik bir yolunu sunar. Otob\u00fcsler de mevcuttur ve \u015fehir merkezine uygun fiyatl\u0131 bir ula\u015f\u0131m se\u00e7ene\u011fi sunar. Havaliman\u0131nda ara\u00e7 kiralama hizmetleri de mevcuttur, bu da turistlere \u00e7evreyi ke\u015ffetmek i\u00e7in tam esneklik sa\u011flar.<\/p>\n<p>  Genel olarak, A Coru\u00f1a Havaliman\u0131, yolcular i\u00e7in bir dizi hizmet ve olanak sunan modern bir tesistir. Kolay ula\u015f\u0131labilirli\u011fi ve uygun konumu, A Coru\u00f1a ve \u00e7evresine seyahat edenler i\u00e7in pop\u00fcler bir tercih haline getirmektedir. \u0130\u015f ya da tatil ama\u00e7l\u0131 seyahat ediyor olsan\u0131z da, havaliman\u0131 seyahatinize rahat ve verimli bir ba\u015flang\u0131\u00e7 sunar.\n<\/p><\/div>\n<h2 class=\"h2head\">A Coru\u00f1a Havaliman\u0131 VIP Salonlar\u0131 (LCG)<\/h2>\n<div id=\"cont\">\n<h3 class=\"h3head\">VIP Salon<\/h3>\n<p>Konum: U\u00e7u\u015f b\u00f6lgesi, 5 numaral\u0131 kap\u0131 yak\u0131n\u0131nda<\/p>\n<p>A\u00e7\u0131l\u0131\u015f Saatleri: Her g\u00fcn 06:00 &#8211; 22:00<\/p>\n<p>A Coru\u00f1a Havaliman\u0131&#8217;ndaki VIP salon, u\u00e7u\u015funuzdan \u00f6nce rahatlamak ve dinlenmek i\u00e7in m\u00fckemmel bir yerdir. Bu salon, i\u015f ve tatil yolcular\u0131 i\u00e7in konforlu ve huzurlu bir atmosfer sunmaktad\u0131r. \u015e\u0131k dekoru ve geni\u015f oturma alanlar\u0131yla, yo\u011fun havaalan\u0131 kalabal\u0131\u011f\u0131ndan uzak sessiz bir alan\u0131n tad\u0131n\u0131 \u00e7\u0131karabilirsiniz.<\/p>\n<p>Hizmetler, \u00f6zellikler ve olanaklar:<\/p>\n<ul>\n<li>\u00dccretsiz i\u00e7ecekler ve at\u0131\u015ft\u0131rmal\u0131klar<\/li>\n<li>\u00dccretsiz Wi-Fi ve \u015farj istasyonlar\u0131<\/li>\n<li>Gazeteler ve dergiler<\/li>\n<li>Televizyon<\/li>\n<li>U\u00e7u\u015f bilgi ekranlar\u0131<\/li>\n<\/ul>\n<h3 class=\"h3head\">Gol VIP Salon<\/h3>\n<p>Konum: U\u00e7u\u015f b\u00f6lgesi, 5 numaral\u0131 kap\u0131 yak\u0131n\u0131nda<\/p>\n<p>A\u00e7\u0131l\u0131\u015f Saatleri: Her g\u00fcn 06:00 &#8211; 22:00<\/p>\n<p>A Coru\u00f1a Havaliman\u0131&#8217;ndaki Gol VIP salonu, yolcular\u0131n u\u00e7u\u015flar\u0131ndan \u00f6nce rahatlamas\u0131 ve tazelenmesi i\u00e7in l\u00fcks ve konforlu bir alan sunmaktad\u0131r. Salon, modern mobilyalar ve huzurlu bir atmosfer sunarak, havaliman\u0131n\u0131n karma\u015fas\u0131ndan ka\u00e7mak i\u00e7in m\u00fckemmel bir yer haline gelmektedir.<\/p>\n<p>Hizmetler, \u00f6zellikler ve olanaklar:<\/p>\n<ul>\n<li>\u00dccretsiz at\u0131\u015ft\u0131rmal\u0131klar ve i\u00e7ecekler<\/li>\n<li>\u00dccretsiz Wi-Fi ve \u015farj istasyonlar\u0131<\/li>\n<li>Gazeteler ve dergiler<\/li>\n<li>Televizyonlar<\/li>\n<li>U\u00e7u\u015f bilgi ekranlar\u0131<\/li>\n<\/ul>\n<\/div>\n<div id=\"cont\">\n<h2 class=\"h2head\">A Coru\u00f1a Havaliman\u0131&#8217;nda Priority Pass Salonuna Nas\u0131l Eri\u015filir (LCG)<\/h2>\n<p><strong>\u00dcyelik Seviyenizi Se\u00e7in:<\/strong><br \/>\nA Coru\u00f1a Havaliman\u0131&#8217;ndaki Priority Pass salonuna eri\u015fmek istiyorsan\u0131z, \u00fcyelik planlar\u0131m\u0131zdan birini se\u00e7meniz gerekmektedir. \u00dc\u00e7 farkl\u0131 \u00fcyelik seviyesi sunuyoruz: Standard, Standard Plus ve Prestige.<\/p>\n<p><strong>Standard \u00dcyelik:<\/strong><br \/>\nStandard \u00fcyelik ile A Coru\u00f1a Havaliman\u0131&#8217;ndaki Priority Pass salonuna s\u0131n\u0131rs\u0131z indirimli eri\u015fim sa\u011flayabilirsiniz. Her ziyaret i\u00e7in 32 $ \u00fccret al\u0131nacak ve misafirlerinizi de ki\u015fi ba\u015f\u0131 32 $ kar\u015f\u0131l\u0131\u011f\u0131nda getirebilirsiniz.<\/p>\n<p><strong>Standard Plus \u00dcyelik:<\/strong><br \/>\nStandard Plus \u00fcyelik ile A Coru\u00f1a Havaliman\u0131&#8217;ndaki Priority Pass salonuna y\u0131lda 10 \u00fccretsiz ziyaret hakk\u0131n\u0131z olacakt\u0131r. 10. ziyaretten sonra her ziyaret i\u00e7in 32 $ \u00fccret al\u0131n\u0131r. Ayr\u0131ca misafirlerinizi de ki\u015fi ba\u015f\u0131 32 $ kar\u015f\u0131l\u0131\u011f\u0131nda getirebilirsiniz.<\/p>\n<p><strong>Prestige \u00dcyelik:<\/strong><br \/>\nPrestige \u00fcyelik ile A Coru\u00f1a Havaliman\u0131&#8217;ndaki Priority Pass salonuna ve d\u00fcnya genelindeki t\u00fcm Priority Pass salonlar\u0131na s\u0131n\u0131rs\u0131z eri\u015fim sa\u011flars\u0131n\u0131z. Ayr\u0131ca misafirlerinizi \u00fccretsiz getirebilirsiniz.<\/p>\n<p><strong>Nas\u0131l Eri\u015filir:<\/strong><br \/>\n\u00dcyelik seviyenizi se\u00e7tikten sonra, Priority Pass \u00fcyelik kart\u0131n\u0131z\u0131 salonun resepsiyonuna g\u00f6stererek A Coru\u00f1a Havaliman\u0131&#8217;ndaki Priority Pass salonuna eri\u015febilirsiniz. Fiziksel kart\u0131n\u0131z\u0131 g\u00f6sterebilir veya dijital \u00fcyelik kart\u0131na eri\u015fmek i\u00e7in mobil uygulamam\u0131z\u0131 kullanabilirsiniz.<\/p>\n<p><strong>Not:<\/strong><br \/>\n\u00dcyelik planlar\u0131 ve faydalar, kaydoldu\u011funuz Priority Pass program\u0131na g\u00f6re de\u011fi\u015febilir. L\u00fctfen faydalar ve kullan\u0131m \u015fartlar\u0131 hakk\u0131nda daha fazla bilgi i\u00e7in \u00fcyelik plan\u0131n\u0131za ba\u015fvurun.<\/p>\n<h2 class=\"h2head\">A Coru\u00f1a Havaliman\u0131&#8217;ndaki Salon Bekleme S\u00fcrecinde L\u00fcks Faydalar\u0131 Deneyimleyin<\/h2>\n<p>A Coru\u00f1a Havaliman\u0131&#8217;nda (LCG) u\u00e7u\u015funuzu beklemek, \u00f6zellikle uzun bir aktarma s\u00fcresi veya gecikmeli bir u\u00e7u\u015f oldu\u011funda, zor olabilir. Ancak, havaliman\u0131nda beklemek, VIP salonunda zaman ge\u00e7irerek l\u00fcks bir deneyime d\u00f6n\u00fc\u015febilir. \u0130\u015fte havaliman\u0131 salonunda beklemenin baz\u0131 faydalar\u0131:<\/p>\n<p>1. Konforlu Koltuklar ve Rahat Atmosfer: Havaliman\u0131 salonu, rahatlamak i\u00e7in m\u00fckemmel olan konforlu koltuklar sunar. \u00dccretsiz Wi-Fi&#8217;dan faydalan\u0131n ve stresiz bir ortamda i\u015finizi veya e\u011flencenizi takip edin.<\/p>\n<p>2. \u00dccretsiz Yemek ve \u0130\u00e7ecekler: \u00c7e\u015fitli at\u0131\u015ft\u0131rmal\u0131klar, i\u00e7ecekler ve alkoll\u00fc i\u00e7ecekler ile ek \u00fccret \u00f6demeden keyif yap\u0131n.<\/p>\n<p>3. \u00d6ncelikli Hizmet: Havaliman\u0131 salonu, check-in veya u\u00e7u\u015fa binme s\u0131ras\u0131nda \u00f6ncelikli hizmet sunar, bu da s\u00fcreci kolay ve verimli hale getirir.<\/p>\n<p>4. \u00d6zel Tuvaletler ve Du\u015flar: Havaliman\u0131 salonu, u\u00e7u\u015f \u00f6ncesinde konforlu ve tazeleyici bir deneyim i\u00e7in \u00f6zel tuvaletler ve du\u015flar sunar.<\/p>\n<p>5. \u0130\u015fletme \u0130mkanlar\u0131: U\u00e7u\u015f \u00f6ncesinde biraz \u00e7al\u0131\u015fman\u0131z gerekiyorsa, havaliman\u0131 salonu tam donan\u0131ml\u0131 \u00e7al\u0131\u015fma istasyonlar\u0131, yaz\u0131c\u0131lar ve faks makineleri ile i\u015f imkanlar\u0131 sunar.<\/p>\n<p>6. \u00c7ocuklar i\u00e7in Alan: Havaliman\u0131 salonu, \u00e7ocuklar\u0131n\u0131z\u0131n u\u00e7u\u015funuzun kalkmas\u0131n\u0131 beklerken oyun oynay\u0131p e\u011flenebilece\u011fi bir \u00e7ocuk alan\u0131 da sunmaktad\u0131r.<\/p>\n<p>Bu l\u00fcks hizmetlerden yararlanmay\u0131 ka\u00e7\u0131rmay\u0131n; hemen bir \u00fcyelik sat\u0131n al\u0131n ve faydalar\u0131 kullanmaya ba\u015flay\u0131n. U\u00e7u\u015funuzu beklemek asla ayn\u0131 olmayacak!<\/p>\n<h2 class=\"h2head\">S\u0131k\u00e7a Sorulan Sorular: A Coru\u00f1a Havaliman\u0131 (LCG) Salonlar\u0131<\/h2>\n<p>1. VIP salonlar\u0131 nedir ve A Coru\u00f1a Havaliman\u0131&#8217;nda kimler bu salonlara eri\u015febilir?<br \/>\nVIP salonlar\u0131, havaliman\u0131nda rahat oturma alanlar\u0131, yiyecek ve i\u00e7ecekler, Wi-Fi eri\u015fimi ve di\u011fer olanaklar sunan \u00f6zel alanlard\u0131r. A Coru\u00f1a Havaliman\u0131&#8217;nda yaln\u0131zca birinci s\u0131n\u0131f yolcular, business s\u0131n\u0131f\u0131 yolcular veya belirli salon \u00fcyelik programlar\u0131n\u0131n \u00fcyeleri bu salonlara eri\u015febilir.<\/p>\n<p>2. A Coru\u00f1a Havaliman\u0131&#8217;nda ka\u00e7 salon bulunmaktad\u0131r?<br \/>\n\u015eu anda A Coru\u00f1a Havaliman\u0131&#8217;nda yaln\u0131zca bir VIP salon bulunmaktad\u0131r ve ad\u0131 VIP Salon&#8217;dur.<\/p>\n<p>3. VIP Salonu&#8217;nda hangi olanaklar bulunmaktad\u0131r?<br \/>\nA Coru\u00f1a Havaliman\u0131&#8217;ndaki VIP Salonu, konforlu koltuklar, \u015farj noktalar\u0131, \u00fccretsiz Wi-Fi, bir dizi at\u0131\u015ft\u0131rmal\u0131k ve bir bar gibi \u00e7e\u015fitli olanaklar sunmaktad\u0131r.<\/p>\n<p>4. \u00dcye olmayanlar A Coru\u00f1a Havaliman\u0131&#8217;ndaki VIP Salonu&#8217;na eri\u015febilir mi?<br \/>\nEvet, \u00fcye olmayanlar, resepsiyona \u00fccret \u00f6deyerek A Coru\u00f1a Havaliman\u0131&#8217;ndaki VIP Salonu&#8217;na eri\u015febilirler.<\/p>\n<p>5. VIP salonlar\u0131na eri\u015fim i\u00e7in ya\u015f s\u0131n\u0131rlamas\u0131 var m\u0131?<br \/>\nHay\u0131r, ya\u015f s\u0131n\u0131rlamas\u0131 yoktur, ancak \u00e7ocuklar\u0131n bir yeti\u015fkin e\u015fli\u011finde olmas\u0131 gerekmektedir.<\/p>\n<p>6. Hangi havayolu ile u\u00e7tu\u011fum fark etmeden VIP Salonuna eri\u015febilir miyim?<br \/>\nEvet, VIP Salonu, t\u00fcm yolculara a\u00e7\u0131kt\u0131r, hangi havayolu ile u\u00e7tuklar\u0131na bak\u0131lmaks\u0131z\u0131n, belirli uygunluk kriterlerini kar\u015f\u0131layan herkes eri\u015febilir.<\/p>\n<p>7. VIP Salonu&#8217;na eri\u015fim \u00fccreti nedir?<br \/>\nSalona eri\u015fim \u00fccreti, g\u00fcn\u00fcn saati ve mevsime g\u00f6re de\u011fi\u015febilir. Mevcut fiyatlar hakk\u0131nda bilgi almak i\u00e7in resepsiyonla ileti\u015fime ge\u00e7ebilir veya resmi web sitesini ziyaret edebilirsiniz.<\/p>\n<p>8. VIP Salonu&#8217;nu \u00f6nceden rezerve edebilir miyim?<br \/>\nEvet, yolcular VIP Salonu&#8217;nu \u00e7evrimi\u00e7i olarak veya \u00f6zel yard\u0131m hatt\u0131 numaras\u0131n\u0131 arayarak \u00f6nceden rezerve edebilirler.<\/p>\n<p>9. Aktarmada VIP Salonu&#8217;na eri\u015febilir miyim?<br \/>\nEvet, uzun aktarma s\u00fcreleri olan yolcular, uygunluk kriterlerini kar\u015f\u0131lamalar\u0131 durumunda VIP Salonu&#8217;na eri\u015febilirler.<\/p>\n<p>10. VIP Salonu&#8217;na giri\u015f i\u00e7in k\u0131yafet kural\u0131 var m\u0131?<br \/>\nA Coru\u00f1a Havaliman\u0131&#8217;ndaki VIP Salonu&#8217;nda kat\u0131 bir k\u0131yafet kural\u0131 bulunmamaktad\u0131r, ancak havaliman\u0131 ortam\u0131na uygun ve rahat bir \u015fekilde giyinmeniz \u00f6nerilir.<\/p>\n<h2 class=\"h2head\">Son M\u00fc\u015fteri Yorumlar\u0131<\/h2>\n<div id=\"cont\">\n<p><strong>Ad\u0131: <\/strong>John Smith<br \/><strong>Konum: <\/strong>New York City, ABD<br \/><strong>Yorum: <\/strong>A Coru\u00f1a Havaliman\u0131&#8217;ndaki Priority Pass Salonu&#8217;nda harika bir deneyimim oldu. Personel dost\u00e7a ve yard\u0131mc\u0131yd\u0131, salon temiz ve rahatt\u0131.<\/p>\n<p><strong>Ad\u0131: <\/strong>Sara Jones<br \/><strong>Konum: <\/strong>Londra, \u0130ngiltere<br \/><strong>Yorum: <\/strong>A Coru\u00f1a Havaliman\u0131&#8217;ndaki Priority Pass Salonu beklentilerimi a\u015ft\u0131. Yiyecek ve i\u00e7ecek se\u00e7enekleri etkileyiciydi ve salon \u00e7ok rahatlat\u0131c\u0131yd\u0131.<\/p>\n<p><strong>Ad\u0131: <\/strong>Pedro Rodr\u00edguez<br \/><strong>Konum: <\/strong>Madrid, \u0130spanya<br \/><strong>Yorum: <\/strong>A Coru\u00f1a Havaliman\u0131&#8217;ndaki Priority Pass Salonu&#8217;ndan ho\u015f bir \u015fekilde \u015fa\u015f\u0131rd\u0131m. Salon modern ve konforluydu, personel \u00e7ok dikkatliydi.<\/p>\n<p><strong>Ad\u0131: <\/strong>Maria P\u00e9rez<br \/><strong>Konum: <\/strong>Buenos Aires, Arjantin<br \/><strong>Yorum: <\/strong>A Coru\u00f1a Havaliman\u0131&#8217;ndaki Priority Pass Salonu, havaliman\u0131n\u0131n kaosundan ka\u00e7mak i\u00e7in harika bir yerdi. Salon sessiz ve rahatt\u0131.<\/p>\n<p><strong>Ad\u0131: <\/strong>Mohammed Ali<br \/><strong>Konum: <\/strong>Doha, Katar<br \/><strong>Yorum: <\/strong>A Coru\u00f1a Havaliman\u0131&#8217;ndaki Priority Pass Salonu, u\u00e7u\u015fumdan \u00f6nce rahatlamak i\u00e7in harika bir yerdi. Salon temiz ve bak\u0131ml\u0131yd\u0131.<\/p>\n<\/div>\n","protected":false},"excerpt":{"rendered":"<p>A Coru\u00f1a Havaliman\u0131 Genel Bak\u0131\u015f (LCG) A Coru\u00f1a Havaliman\u0131, Alvedro Havaliman\u0131 olarak da bilinir, Galisya b\u00f6lgesindeki A Coru\u00f1a \u015fehrine hizmet vermektedir. \u015eehir merkezinin yakla\u015f\u0131k 8 kilometre g\u00fcneyinde yer almakta olup, araba, taksi veya toplu ta\u015f\u0131ma ile kolayca ula\u015f\u0131labilir. Havaliman\u0131n\u0131n tek bir terminal binas\u0131 vard\u0131r ve hem i\u00e7 hatlar hem de d\u0131\u015f hatlar u\u00e7u\u015flar\u0131n\u0131 i\u015flemektedir. Terminalde k\u00fc\u00e7\u00fck bir dizi ma\u011faza ve &#8230; <a href=\"https:\/\/airportlounges.net\/tr\/a-coruna-havalimani-lcg-vip-salonlari\/\" class=\"more-link\">Read More<\/a><\/p>\n","protected":false},"author":2,"featured_media":0,"parent":0,"menu_order":0,"comment_status":"closed","ping_status":"closed","template":"","meta":{"footnotes":""},"class_list":["post-1663","page","type-page","status-publish","hentry","no-post-thumbnail"],"yoast_head":"<!-- This site is optimized with the Yoast SEO plugin v26.3 - https:\/\/yoast.com\/wordpress\/plugins\/seo\/ -->\n<title>A Coru\u00f1a Havaliman\u0131 (LCG) VIP Salonlar\u0131 - Airport Lounges<\/title>\n<meta name=\"robots\" content=\"index, follow, max-snippet:-1, max-image-preview:large, max-video-preview:-1\" \/>\n<link rel=\"canonical\" href=\"https:\/\/airportlounges.net\/tr\/a-coruna-havalimani-lcg-vip-salonlari\/\" \/>\n<meta property=\"og:locale\" content=\"tr_TR\" \/>\n<meta property=\"og:type\" content=\"article\" \/>\n<meta property=\"og:title\" content=\"A Coru\u00f1a Havaliman\u0131 (LCG) VIP Salonlar\u0131 - Airport Lounges\" \/>\n<meta property=\"og:description\" content=\"A Coru\u00f1a Havaliman\u0131 Genel Bak\u0131\u015f (LCG) A Coru\u00f1a Havaliman\u0131, Alvedro Havaliman\u0131 olarak da bilinir, Galisya b\u00f6lgesindeki A Coru\u00f1a \u015fehrine hizmet vermektedir. \u015eehir merkezinin yakla\u015f\u0131k 8 kilometre g\u00fcneyinde yer almakta olup, araba, taksi veya toplu ta\u015f\u0131ma ile kolayca ula\u015f\u0131labilir. Havaliman\u0131n\u0131n tek bir terminal binas\u0131 vard\u0131r ve hem i\u00e7 hatlar hem de d\u0131\u015f hatlar u\u00e7u\u015flar\u0131n\u0131 i\u015flemektedir. Terminalde k\u00fc\u00e7\u00fck bir dizi ma\u011faza ve ... Read More\" \/>\n<meta property=\"og:url\" content=\"https:\/\/airportlounges.net\/tr\/a-coruna-havalimani-lcg-vip-salonlari\/\" \/>\n<meta property=\"og:site_name\" content=\"Airport Lounges\" \/>\n<meta property=\"article:publisher\" content=\"https:\/\/www.facebook.com\/airportlounges.net\" \/>\n<meta property=\"article:modified_time\" content=\"2025-01-28T18:39:44+00:00\" \/>\n<meta name=\"twitter:card\" content=\"summary_large_image\" \/>\n<script type=\"application\/ld+json\" class=\"yoast-schema-graph\">{\"@context\":\"https:\/\/schema.org\",\"@graph\":[{\"@type\":\"WebPage\",\"@id\":\"https:\/\/airportlounges.net\/tr\/a-coruna-havalimani-lcg-vip-salonlari\/\",\"url\":\"https:\/\/airportlounges.net\/tr\/a-coruna-havalimani-lcg-vip-salonlari\/\",\"name\":\"A Coru\u00f1a Havaliman\u0131 (LCG) VIP Salonlar\u0131 - Airport Lounges\",\"isPartOf\":{\"@id\":\"https:\/\/airportlounges.net\/tr\/#website\"},\"datePublished\":\"2023-06-09T01:07:43+00:00\",\"dateModified\":\"2025-01-28T18:39:44+00:00\",\"inLanguage\":\"tr\",\"potentialAction\":[{\"@type\":\"ReadAction\",\"target\":[\"https:\/\/airportlounges.net\/tr\/a-coruna-havalimani-lcg-vip-salonlari\/\"]}]},{\"@type\":\"WebSite\",\"@id\":\"https:\/\/airportlounges.net\/tr\/#website\",\"url\":\"https:\/\/airportlounges.net\/tr\/\",\"name\":\"Airport Lounges\",\"description\":\"Book Now and Save\",\"publisher\":{\"@id\":\"https:\/\/airportlounges.net\/tr\/#organization\"},\"potentialAction\":[{\"@type\":\"SearchAction\",\"target\":{\"@type\":\"EntryPoint\",\"urlTemplate\":\"https:\/\/airportlounges.net\/tr\/?s={search_term_string}\"},\"query-input\":{\"@type\":\"PropertyValueSpecification\",\"valueRequired\":true,\"valueName\":\"search_term_string\"}}],\"inLanguage\":\"tr\"},{\"@type\":\"Organization\",\"@id\":\"https:\/\/airportlounges.net\/tr\/#organization\",\"name\":\"Airport Lounges\",\"url\":\"https:\/\/airportlounges.net\/tr\/\",\"logo\":{\"@type\":\"ImageObject\",\"inLanguage\":\"tr\",\"@id\":\"https:\/\/airportlounges.net\/tr\/#\/schema\/logo\/image\/\",\"url\":\"https:\/\/airportlounges.net\/wp-content\/uploads\/2023\/08\/logo.png\",\"contentUrl\":\"https:\/\/airportlounges.net\/wp-content\/uploads\/2023\/08\/logo.png\",\"width\":850,\"height\":850,\"caption\":\"Airport Lounges\"},\"image\":{\"@id\":\"https:\/\/airportlounges.net\/tr\/#\/schema\/logo\/image\/\"},\"sameAs\":[\"https:\/\/www.facebook.com\/airportlounges.net\"]}]}<\/script>\n<!-- \/ Yoast SEO plugin. -->","yoast_head_json":{"title":"A Coru\u00f1a Havaliman\u0131 (LCG) VIP Salonlar\u0131 - Airport Lounges","robots":{"index":"index","follow":"follow","max-snippet":"max-snippet:-1","max-image-preview":"max-image-preview:large","max-video-preview":"max-video-preview:-1"},"canonical":"https:\/\/airportlounges.net\/tr\/a-coruna-havalimani-lcg-vip-salonlari\/","og_locale":"tr_TR","og_type":"article","og_title":"A Coru\u00f1a Havaliman\u0131 (LCG) VIP Salonlar\u0131 - Airport Lounges","og_description":"A Coru\u00f1a Havaliman\u0131 Genel Bak\u0131\u015f (LCG) A Coru\u00f1a Havaliman\u0131, Alvedro Havaliman\u0131 olarak da bilinir, Galisya b\u00f6lgesindeki A Coru\u00f1a \u015fehrine hizmet vermektedir. \u015eehir merkezinin yakla\u015f\u0131k 8 kilometre g\u00fcneyinde yer almakta olup, araba, taksi veya toplu ta\u015f\u0131ma ile kolayca ula\u015f\u0131labilir. Havaliman\u0131n\u0131n tek bir terminal binas\u0131 vard\u0131r ve hem i\u00e7 hatlar hem de d\u0131\u015f hatlar u\u00e7u\u015flar\u0131n\u0131 i\u015flemektedir. Terminalde k\u00fc\u00e7\u00fck bir dizi ma\u011faza ve ... Read More","og_url":"https:\/\/airportlounges.net\/tr\/a-coruna-havalimani-lcg-vip-salonlari\/","og_site_name":"Airport Lounges","article_publisher":"https:\/\/www.facebook.com\/airportlounges.net","article_modified_time":"2025-01-28T18:39:44+00:00","twitter_card":"summary_large_image","schema":{"@context":"https:\/\/schema.org","@graph":[{"@type":"WebPage","@id":"https:\/\/airportlounges.net\/tr\/a-coruna-havalimani-lcg-vip-salonlari\/","url":"https:\/\/airportlounges.net\/tr\/a-coruna-havalimani-lcg-vip-salonlari\/","name":"A Coru\u00f1a Havaliman\u0131 (LCG) VIP Salonlar\u0131 - Airport Lounges","isPartOf":{"@id":"https:\/\/airportlounges.net\/tr\/#website"},"datePublished":"2023-06-09T01:07:43+00:00","dateModified":"2025-01-28T18:39:44+00:00","inLanguage":"tr","potentialAction":[{"@type":"ReadAction","target":["https:\/\/airportlounges.net\/tr\/a-coruna-havalimani-lcg-vip-salonlari\/"]}]},{"@type":"WebSite","@id":"https:\/\/airportlounges.net\/tr\/#website","url":"https:\/\/airportlounges.net\/tr\/","name":"Airport Lounges","description":"Book Now and Save","publisher":{"@id":"https:\/\/airportlounges.net\/tr\/#organization"},"potentialAction":[{"@type":"SearchAction","target":{"@type":"EntryPoint","urlTemplate":"https:\/\/airportlounges.net\/tr\/?s={search_term_string}"},"query-input":{"@type":"PropertyValueSpecification","valueRequired":true,"valueName":"search_term_string"}}],"inLanguage":"tr"},{"@type":"Organization","@id":"https:\/\/airportlounges.net\/tr\/#organization","name":"Airport Lounges","url":"https:\/\/airportlounges.net\/tr\/","logo":{"@type":"ImageObject","inLanguage":"tr","@id":"https:\/\/airportlounges.net\/tr\/#\/schema\/logo\/image\/","url":"https:\/\/airportlounges.net\/wp-content\/uploads\/2023\/08\/logo.png","contentUrl":"https:\/\/airportlounges.net\/wp-content\/uploads\/2023\/08\/logo.png","width":850,"height":850,"caption":"Airport Lounges"},"image":{"@id":"https:\/\/airportlounges.net\/tr\/#\/schema\/logo\/image\/"},"sameAs":["https:\/\/www.facebook.com\/airportlounges.net"]}]}},"_links":{"self":[{"href":"https:\/\/airportlounges.net\/tr\/wp-json\/wp\/v2\/pages\/1663","targetHints":{"allow":["GET"]}}],"collection":[{"href":"https:\/\/airportlounges.net\/tr\/wp-json\/wp\/v2\/pages"}],"about":[{"href":"https:\/\/airportlounges.net\/tr\/wp-json\/wp\/v2\/types\/page"}],"author":[{"embeddable":true,"href":"https:\/\/airportlounges.net\/tr\/wp-json\/wp\/v2\/users\/2"}],"replies":[{"embeddable":true,"href":"https:\/\/airportlounges.net\/tr\/wp-json\/wp\/v2\/comments?post=1663"}],"version-history":[{"count":1,"href":"https:\/\/airportlounges.net\/tr\/wp-json\/wp\/v2\/pages\/1663\/revisions"}],"predecessor-version":[{"id":1664,"href":"https:\/\/airportlounges.net\/tr\/wp-json\/wp\/v2\/pages\/1663\/revisions\/1664"}],"wp:attachment":[{"href":"https:\/\/airportlounges.net\/tr\/wp-json\/wp\/v2\/media?parent=1663"}],"curies":[{"name":"wp","href":"https:\/\/api.w.org\/{rel}","templated":true}]}}